{"id":7064,"date":"2023-10-09T08:55:52","date_gmt":"2023-10-09T08:55:52","guid":{"rendered":"https:\/\/ispot.ma\/?post_type=product&#038;p=7064"},"modified":"2025-09-22T22:43:51","modified_gmt":"2025-09-22T22:43:51","slug":"macbook-pro-m2","status":"publish","type":"product","link":"https:\/\/ispot.ma\/?product=macbook-pro-m2","title":{"rendered":"iPad Air 11&Prime; &#8211; M3"},"content":{"rendered":"\t\t<div data-elementor-type=\"wp-post\" data-elementor-id=\"7064\" class=\"elementor elementor-7064\">\n\t\t\t\t\t\t<div class=\"elementor-inner\">\n\t\t\t\t<div class=\"elementor-section-wrap\">\n\t\t\t\t\t\t\t\t\t<section class=\"elementor-section elementor-top-section elementor-element elementor-element-431902d0 elementor-section-boxed elementor-section-height-default elementor-section-height-default none\" data-id=\"431902d0\" data-element_type=\"section\">\n\t\t\t\t\t\t<div class=\"elementor-container elementor-column-gap-default\">\n\t\t\t\t\t\t\t<div class=\"elementor-row\">\n\t\t\t\t\t<div class=\"elementor-column elementor-col-100 elementor-top-column elementor-element elementor-element-1dba3561 none\" data-id=\"1dba3561\" data-element_type=\"column\">\n\t\t\t<div class=\"elementor-column-wrap elementor-element-populated\">\n\t\t\t\t\t\t\t<div class=\"elementor-widget-wrap\">\n\t\t\t\t\t\t<div class=\"elementor-element elementor-element-4bcfb0da none elementor-widget elementor-widget-text-editor\" data-id=\"4bcfb0da\" data-element_type=\"widget\" data-widget_type=\"text-editor.default\">\n\t\t\t\t<div class=\"elementor-widget-container\">\n\t\t\t\t\t\t\t\t<div class=\"elementor-text-editor elementor-clearfix\">\n\t\t\t\t<h5 class=\"subsection-headline typography-site-headline-elevated large-centered medium-10 medium-offset-1 small-12 small-offset-0\">Deux tailles. <span class=\"text-gradient\">Un monde de possibilit\u00e9s.<\/span><\/h5>\n<p>Vous avez d\u00e9sormais le choix entre <strong>un iPad Air 11 pouces<\/strong>, dot\u00e9 d\u2019un superbe \u00e9cran Liquid Retina haute r\u00e9solution, qui donne un souffle in\u00e9dit \u00e0 tout ce que vous aimez faire. Plongez dans une exp\u00e9rience visuelle \u00e9clatante, r\u00e9active et d\u2019une parfaite pr\u00e9cision chromatique, en deux tailles.<\/p>\n<h5 class=\"subsection-headline typography-site-headline-elevated large-centered medium-10 medium-offset-1 small-12 small-offset-0\">M3. <span class=\"text-gradient\">Par\u00e9e au d\u00e9collage.<\/span><\/h5>\n<p>La puce M3 assure \u00e0 l\u2019iPad&nbsp;Air des performances exceptionnelles. Avec un CPU, un GPU et un Neural&nbsp;Engine d\u2019une puissance remarquable, elle est <strong>pr\u00e8s de 50&nbsp;% plus rapide<\/strong> que la puce de g\u00e9n\u00e9ration pr\u00e9c\u00e9dente. Alors, qu\u2019il s\u2019agisse de pr\u00e9parer la r\u00e9novation de votre maison dans Trimble SketchUp, de jouer aux derniers jeux AAA comme Zenless Zone Zero ou d\u2019exploiter le suivi de mouvement activ\u00e9 par IA dans Onform pour peaufiner votre swing au golf, vous pouvez vous en donner \u00e0 c\u0153ur joie. Tout cela, avec une incroyable efficacit\u00e9 \u00e9nerg\u00e9tique pour b\u00e9n\u00e9ficier d\u2019une autonomie d\u2019une journ\u00e9e enti\u00e8re.<\/p>\n<h5 class=\"subsection-headline typography-site-headline-elevated medium-10 medium-offset-1 small-offset-0\">iPadOS et apps. <span class=\"text-gradient\">Faites merveille sur merveille.<\/span><\/h5>\n<p>iPadOS est con\u00e7u pour vous permettre de <span class=\"highlight\"><em>faire tout ce que vous aimez<\/em><\/span> avec aisance et puissance, de la premi\u00e8re \u00e9bauche \u00e0 la touche finale. Utilisez plusieurs apps \u00e0 la fois, \u00e9crivez dans n\u2019importe quel champ de texte et naviguez sans la moindre difficult\u00e9 \u00e0 l\u2019aide de votre doigt, de l\u2019Apple Pencil ou du trackpad du Magic&nbsp;Keyboard.<\/p>\n<h5 class=\"subsection-headline typography-site-headline-elevated large-centered medium-12 small-12 small-offset-0\">Apple Pencil Pro. <span class=\"text-gradient\">Taill\u00e9 pour tout cr\u00e9er.<\/span><\/h5>\n<p>L\u2019Apple Pencil r\u00e9invente votre fa\u00e7on de dessiner, de peindre, d\u2019\u00e9crire et de prendre des notes&nbsp;: chaque geste devient intuitif, pr\u00e9cis, magique. Sensible \u00e0 l\u2019inclinaison et&nbsp;dot\u00e9 d\u2019une technologie de d\u00e9tection de la paume, il fait tout avec une faible latence et une pr\u00e9cision au pixel pr\u00e8s. Le <span class=\"highlight\"><em>tout nouvel Apple&nbsp;Pencil&nbsp;Pro<\/em><\/span> \u00e9largit encore le champ des possibles pour mettre en \u0153uvre vos id\u00e9es.<\/p>\n<h5 class=\"subsection-headline typography-site-headline-elevated large-centered medium-10 medium-offset-1 small-12 small-offset-0\">Magic&nbsp;Keyboard. <span class=\"text-gradient\">Aussi vif que vos pens\u00e9es.<\/span><\/h5>\n<p>Le Magic&nbsp;Keyboard offre une bonne r\u00e9activit\u00e9 de frappe pour r\u00e9diger des textes et des e\u2011mails<sup class=\"footnote footnote-number\"><a href=\"https:\/\/www.apple.com\/fr\/ipad-air\/#footnote-4\" aria-label=\"Note de bas de page 2\" data-modal-close=\"\">2<\/a><\/sup>. De plus, son <strong>trackpad int\u00e9gr\u00e9<\/strong> assure la pr\u00e9cision n\u00e9cessaire pour des t\u00e2ches telles que la modification de vos feuilles de calcul. Le Magic&nbsp;Keyboard b\u00e9n\u00e9ficie aussi d\u2019un design suspendu de type cantilever qui vous permet de le fixer de fa\u00e7on magn\u00e9tique et de l\u2019incliner d\u2019un geste selon l\u2019angle qui vous convient.<\/p>\n<h5 class=\"subsection-headline typography-site-headline-elevated large-centered medium-10 medium-offset-1 small-12 small-offset-0\">Appareil photo et cam\u00e9ra. <span class=\"text-gradient\">Votre imagination n\u2019a plus de limite.<\/span><\/h5>\n<p><strong>La cam\u00e9ra avant et l&rsquo;appareil photo arri\u00e8re avanc\u00e9s<\/strong> de l&rsquo;iPad Air facilitent la prise de photos ou l&rsquo;enregistrement de vid\u00e9o 4K, ainsi que les appels vid\u00e9o ou le Scan de document.<\/p>\n<h5 class=\"subsection-headline typography-site-headline-elevated large-centered medium-10 medium-offset-1 small-12 small-offset-0\">Connectivit\u00e9. <span class=\"text-gradient\">Sans fil. \u00c7a file.<\/span><\/h5>\n<p>Gardez le contact et ne perdez rien de votre productivit\u00e9 o\u00f9 que vous alliez avec <strong>le Wi\u2011Fi&nbsp;6E ultra\u2011rapide<\/strong>, ou choisissez une connexion cellulaire 5G rapide quand vous n\u2019avez pas acc\u00e8s \u00e0 un r\u00e9seau Wi\u2011Fi.<\/p>\n<h5 class=\"subsection-headline typography-site-headline-elevated large-centered medium-10 medium-offset-1 small-12 small-offset-0\"><span class=\"text-gradient\">Des innovations qui changent tout.<\/span><\/h5>\n<p>Ce qui est important pour vous l\u2019est aussi pour Apple. Nous utilisons plus de mat\u00e9riaux recycl\u00e9s pour r\u00e9duire l\u2019impact environ\u00adnemental. Nous mettons en \u0153uvre des mesures de protection de la vie priv\u00e9e qui vous donnent plus de contr\u00f4le sur vos donn\u00e9es. Et nous cr\u00e9ons des fonctionnalit\u00e9s int\u00e9gr\u00e9es qui rendent l\u2019iPad accessible \u00e0 tout le monde.<\/p>\t\t\t\t\t<\/div>\n\t\t\t\t\t\t<\/div>\n\t\t\t\t<\/div>\n\t\t\t\t\t\t<\/div>\n\t\t\t\t\t<\/div>\n\t\t<\/div>\n\t\t\t\t\t\t\t\t<\/div>\n\t\t\t\t\t<\/div>\n\t\t<\/section>\n\t\t\t\t\t\t\t\t\t<\/div>\n\t\t\t<\/div>\n\t\t\t\t\t<\/div>\n\t\t","protected":false},"excerpt":{"rendered":"<p>iPad Air enti\u00e8rement repens\u00e9. Puce M2. Cam\u00e9ra avant horizontale. Nouvelles couleurs sublimes.<\/p>\n<h3 class=\"subsection-headline typography-site-headline-elevated large-centered medium-10 medium-offset-1 small-12 small-offset-0\"><\/h3>\n","protected":false},"featured_media":7445,"comment_status":"open","ping_status":"closed","template":"","meta":[],"product_cat":[450,488],"product_tag":[],"class_list":{"0":"post-7064","1":"product","2":"type-product","3":"status-publish","4":"has-post-thumbnail","6":"product_cat-ipad","7":"product_cat-ipad-air","8":"product_brand-apple","10":"first","11":"instock","12":"shipping-taxable","13":"purchasable","14":"product-type-variable","15":"has-default-attributes"},"_links":{"self":[{"href":"https:\/\/ispot.ma\/index.php?rest_route=\/wp\/v2\/product\/7064","targetHints":{"allow":["GET"]}}],"collection":[{"href":"https:\/\/ispot.ma\/index.php?rest_route=\/wp\/v2\/product"}],"about":[{"href":"https:\/\/ispot.ma\/index.php?rest_route=\/wp\/v2\/types\/product"}],"replies":[{"embeddable":true,"href":"https:\/\/ispot.ma\/index.php?rest_route=%2Fwp%2Fv2%2Fcomments&post=7064"}],"version-history":[{"count":15,"href":"https:\/\/ispot.ma\/index.php?rest_route=\/wp\/v2\/product\/7064\/revisions"}],"predecessor-version":[{"id":9079,"href":"https:\/\/ispot.ma\/index.php?rest_route=\/wp\/v2\/product\/7064\/revisions\/9079"}],"wp:featuredmedia":[{"embeddable":true,"href":"https:\/\/ispot.ma\/index.php?rest_route=\/wp\/v2\/media\/7445"}],"wp:attachment":[{"href":"https:\/\/ispot.ma\/index.php?rest_route=%2Fwp%2Fv2%2Fmedia&parent=7064"}],"wp:term":[{"taxonomy":"product_cat","embeddable":true,"href":"https:\/\/ispot.ma\/index.php?rest_route=%2Fwp%2Fv2%2Fproduct_cat&post=7064"},{"taxonomy":"product_tag","embeddable":true,"href":"https:\/\/ispot.ma\/index.php?rest_route=%2Fwp%2Fv2%2Fproduct_tag&post=7064"}],"curies":[{"name":"wp","href":"https:\/\/api.w.org\/{rel}","templated":true}]}}