{"id":7186,"date":"2024-05-14T01:06:35","date_gmt":"2024-05-14T01:06:35","guid":{"rendered":"https:\/\/ispot.ma\/?post_type=product&#038;p=7186"},"modified":"2025-02-19T11:21:24","modified_gmt":"2025-02-19T11:21:24","slug":"iphone-15-plus","status":"publish","type":"product","link":"https:\/\/ispot.ma\/?product=iphone-15-plus","title":{"rendered":"iPhone 15 Plus"},"content":{"rendered":"\t\t<div data-elementor-type=\"wp-post\" data-elementor-id=\"7186\" class=\"elementor elementor-7186\">\n\t\t\t\t\t\t<div class=\"elementor-inner\">\n\t\t\t\t<div class=\"elementor-section-wrap\">\n\t\t\t\t\t\t\t\t\t<section class=\"elementor-section elementor-top-section elementor-element elementor-element-7c1eee37 elementor-section-boxed elementor-section-height-default elementor-section-height-default none\" data-id=\"7c1eee37\" data-element_type=\"section\">\n\t\t\t\t\t\t<div class=\"elementor-container elementor-column-gap-default\">\n\t\t\t\t\t\t\t<div class=\"elementor-row\">\n\t\t\t\t\t<div class=\"elementor-column elementor-col-100 elementor-top-column elementor-element elementor-element-7a7b00ac none\" data-id=\"7a7b00ac\" data-element_type=\"column\">\n\t\t\t<div class=\"elementor-column-wrap elementor-element-populated\">\n\t\t\t\t\t\t\t<div class=\"elementor-widget-wrap\">\n\t\t\t\t\t\t<div class=\"elementor-element elementor-element-2c28ebe0 none elementor-widget elementor-widget-text-editor\" data-id=\"2c28ebe0\" data-element_type=\"widget\" data-widget_type=\"text-editor.default\">\n\t\t\t\t<div class=\"elementor-widget-container\">\n\t\t\t\t\t\t\t\t<div class=\"elementor-text-editor elementor-clearfix\">\n\t\t\t\t<h5><strong>Au programme.<\/strong><\/h5><p>Nouvel appareil photo 48 Mpx. Photos super haute r\u00e9solution. T\u00e9l\u00e9objectif 2x. Design r\u00e9sistant en aluminium et en verre teint\u00e9 dans la masse. Recharge via USB-C. En toute simplicit\u00e9. Dynamic\u00a0Island fait remonter l\u2019information.<\/p><h5><strong>Dynamic\u00a0Island. La bulle d\u2019infos qu\u2019il vous faut.<\/strong><\/h5><p><span style=\"font-weight: normal;\">Dynamic\u00a0Island <strong>fait remonter vos\u00a0alertes et\u00a0Activit\u00e9s en direct<\/strong> pour que rien ne vous \u00e9chappe quand vous avez l\u2019esprit ailleurs. Contr\u00f4lez votre musique, voyez qui vous appelle, v\u00e9rifiez le statut de votre vol et bien plus encore.<\/span><\/p><h5><strong>Des couleurs irr\u00e9sistibles. Et r\u00e9sistantes.<strong><br \/><\/strong><\/strong><\/h5><p><strong><strong><span style=\"font-weight: normal;\">Le nouveau design innovant int\u00e8gre <strong>un dos en\u00a0verre teint\u00e9 dans la masse<\/strong>. Un proc\u00e9d\u00e9 sur mesure de double \u00e9change d\u2019ions et un bo\u00eetier en aluminium de qualit\u00e9 a\u00e9rospatiale contribuent \u00e0 l\u2019incroyable r\u00e9sistance de l\u2019iPhone 15.<\/span><\/strong><\/strong><\/p><h5><strong>Nouvel appareil photo principal 48 Mpx. La\u00a0photo au\u00a0sommet de\u00a0son\u00a0art.<strong><br \/><\/strong><\/strong><\/h5><p><strong><strong><span style=\"font-weight: normal;\">L\u2019appareil photo principal entre dans l\u2019\u00e8re de la super haute r\u00e9solution. Qu\u2019il s\u2019agisse d\u2019instantan\u00e9s ou de paysages grandioses, il est plus facile que jamais de <strong>prendre des photos \u00e0 couper le souffle avec un niveau de d\u00e9tail incroyable. <\/strong><\/span><\/strong><\/strong><span style=\"font-weight: normal;\">Jusqu\u2019\u00e0 4x plus de r\u00e9solution pour un niveau de d\u00e9tail inou\u00ef. T\u00e9l\u00e9objectif 2x : digne d\u2019un troisi\u00e8me objectif.<\/span><\/p><h5><strong>Mode portrait. De la magie dans l\u2019image.<\/strong><\/h5><p><span style=\"font-weight: normal;\">Le niveau de d\u00e9tail et la richesse des couleurs sont tels que vos portraits sont chaque fois plus saisissants. Et vous pouvez d\u00e9sormais toucher l\u2019\u00e9cran pour d\u00e9placer la mise au point d\u2019un sujet \u00e0 l\u2019autre, m\u00eame apr\u00e8s la prise de vue. Et hop. Vous voulez capturer l\u2019instant avant qu\u2019il ne soit trop tard\u00a0? <strong>Plus besoin de passer par le mode Portrait. <\/strong>Si votre sujet est une personne, un chat ou un chien, l\u2019iPhone 15 int\u00e8gre automati\u00adque\u00adment les donn\u00e9es de profondeur. Vous pouvez instantan\u00e9ment transformer votre photo en portrait avec un effet de flou \u00e9l\u00e9gant sur l\u2019arri\u00e8re-plan. Ou plus tard dans l\u2019app Photos.<\/span><\/p><h5><strong>Autonomie d\u2019une journ\u00e9e. Rien ne peut vous arr\u00eater.<\/strong><\/h5><p><span style=\"font-weight: normal;\">Jusqu\u2019\u00e0 26 h de lecture vid\u00e9o sur iPhone 15 Plus; Jusqu\u2019\u00e0 24 h de lecture vid\u00e9o sur iPhone 15.<\/span><\/p><h5><strong>Puce A16\u00a0Bionic. Une\u00a0pro qui a\u00a0fait ses preuves.<\/strong><\/h5><p>La puce A16\u00a0Bionic met sa puissance au service de fonctionnalit\u00e9s avanc\u00e9es, comme le traitement informatique utilis\u00e9 pour les photos 24 Mpx et les portraits de nouvelle g\u00e9n\u00e9ration, ou le mode Isolement de la voix pour les appels t\u00e9l\u00e9phoniques. Et elle assure des perfor\u00adman\u00adces fluides pour les jeux aux graphismes sophistiqu\u00e9s. Tout cela avec une efficacit\u00e9 incroyable, pour une grande autonomie. Pas \u00e9tonnant que la puce A16 Bionic ait d\u00e9but\u00e9 en version Pro. Le GPU de la puce A16 Bionic est jusqu\u2019\u00e0 40 % plus rapide que le GPU de l\u2019iPhone 12.<\/p><h5><strong>USB-Compatible.<\/strong><\/h5><p>Le nouveau connecteur USB-C vous permet de <strong>recharger votre Mac ou iPad avec le m\u00eame c\u00e2ble<\/strong> que\u00a0votre iPhone\u00a015. Vous pouvez m\u00eame utiliser votre iPhone\u00a015\u00a0pour recharger votre Apple\u00a0Watch ou vos AirPods. Fini, les c\u00e2bles emm\u00eal\u00e9s.<\/p>\t\t\t\t\t<\/div>\n\t\t\t\t\t\t<\/div>\n\t\t\t\t<\/div>\n\t\t\t\t\t\t<\/div>\n\t\t\t\t\t<\/div>\n\t\t<\/div>\n\t\t\t\t\t\t\t\t<\/div>\n\t\t\t\t\t<\/div>\n\t\t<\/section>\n\t\t\t\t\t\t\t\t\t<\/div>\n\t\t\t<\/div>\n\t\t\t\t\t<\/div>\n\t\t","protected":false},"excerpt":{"rendered":"<p>L\u2019iPhone 15 Plus, avec le nouvel appareil photo 48 Mpx. Photos super haute r\u00e9solution. T\u00e9l\u00e9objectif 2x. Design r\u00e9sistant en aluminium et en verre teint\u00e9 dans la masse. Recharge via USB-C. En toute simplicit\u00e9. Dynamic Island fait remonter l\u2019information..<\/p>\n","protected":false},"featured_media":7956,"comment_status":"open","ping_status":"closed","template":"","meta":[],"product_cat":[444,446],"product_tag":[507,197,505,618],"class_list":{"0":"post-7186","1":"product","2":"type-product","3":"status-publish","4":"has-post-thumbnail","6":"product_cat-iphone","7":"product_cat-iphone-15-plus","8":"product_tag-apple","9":"product_tag-iphone","10":"product_tag-iphone-15","11":"product_tag-iphone-15-plus","12":"product_brand-apple","14":"first","15":"instock","16":"sale","17":"shipping-taxable","18":"purchasable","19":"product-type-variable","20":"has-default-attributes"},"_links":{"self":[{"href":"https:\/\/ispot.ma\/index.php?rest_route=\/wp\/v2\/product\/7186","targetHints":{"allow":["GET"]}}],"collection":[{"href":"https:\/\/ispot.ma\/index.php?rest_route=\/wp\/v2\/product"}],"about":[{"href":"https:\/\/ispot.ma\/index.php?rest_route=\/wp\/v2\/types\/product"}],"replies":[{"embeddable":true,"href":"https:\/\/ispot.ma\/index.php?rest_route=%2Fwp%2Fv2%2Fcomments&post=7186"}],"version-history":[{"count":5,"href":"https:\/\/ispot.ma\/index.php?rest_route=\/wp\/v2\/product\/7186\/revisions"}],"predecessor-version":[{"id":8824,"href":"https:\/\/ispot.ma\/index.php?rest_route=\/wp\/v2\/product\/7186\/revisions\/8824"}],"wp:featuredmedia":[{"embeddable":true,"href":"https:\/\/ispot.ma\/index.php?rest_route=\/wp\/v2\/media\/7956"}],"wp:attachment":[{"href":"https:\/\/ispot.ma\/index.php?rest_route=%2Fwp%2Fv2%2Fmedia&parent=7186"}],"wp:term":[{"taxonomy":"product_cat","embeddable":true,"href":"https:\/\/ispot.ma\/index.php?rest_route=%2Fwp%2Fv2%2Fproduct_cat&post=7186"},{"taxonomy":"product_tag","embeddable":true,"href":"https:\/\/ispot.ma\/index.php?rest_route=%2Fwp%2Fv2%2Fproduct_tag&post=7186"}],"curies":[{"name":"wp","href":"https:\/\/api.w.org\/{rel}","templated":true}]}}