{"id":7285,"date":"2024-06-03T17:32:50","date_gmt":"2024-06-03T17:32:50","guid":{"rendered":"https:\/\/ispot.ma\/?post_type=product&#038;p=7285"},"modified":"2026-01-26T10:44:43","modified_gmt":"2026-01-26T10:44:43","slug":"ipad-pro-11-m4","status":"publish","type":"product","link":"https:\/\/ispot.ma\/?product=ipad-pro-11-m4","title":{"rendered":"iPad Pro 11&Prime; &#8211; M5"},"content":{"rendered":"\t\t<div data-elementor-type=\"wp-post\" data-elementor-id=\"7285\" class=\"elementor elementor-7285\">\n\t\t\t\t\t\t<div class=\"elementor-inner\">\n\t\t\t\t<div class=\"elementor-section-wrap\">\n\t\t\t\t\t\t\t\t\t<section class=\"elementor-section elementor-top-section elementor-element elementor-element-44731167 elementor-section-boxed elementor-section-height-default elementor-section-height-default none\" data-id=\"44731167\" data-element_type=\"section\">\n\t\t\t\t\t\t<div class=\"elementor-container elementor-column-gap-default\">\n\t\t\t\t\t\t\t<div class=\"elementor-row\">\n\t\t\t\t\t<div class=\"elementor-column elementor-col-100 elementor-top-column elementor-element elementor-element-299724a4 none\" data-id=\"299724a4\" data-element_type=\"column\">\n\t\t\t<div class=\"elementor-column-wrap elementor-element-populated\">\n\t\t\t\t\t\t\t<div class=\"elementor-widget-wrap\">\n\t\t\t\t\t\t<div class=\"elementor-element elementor-element-2dbc1666 none elementor-widget elementor-widget-text-editor\" data-id=\"2dbc1666\" data-element_type=\"widget\" data-widget_type=\"text-editor.default\">\n\t\t\t\t<div class=\"elementor-widget-container\">\n\t\t\t\t\t\t\t\t<div class=\"elementor-text-editor elementor-clearfix\">\n\t\t\t\t<h5 class=\"subsection-headline large-8 small-12 large-offset-2 small-offset-0 typography-design-headline-thick\">Finement surpuissant.<\/h5><p>Le tout nouvel iPad Pro concentre une puissance \u00e9tourdissante dans un design incroyablement fin, l\u00e9ger et portable. Repoussez les limites de l\u2019exp\u00e9rience iPad en optant pour le mod\u00e8le 11 pouces ultra-portable, <span class=\"highlight\"><em>le\u00a0produit le\u00a0plus\u00a0fin\u00a0qu\u2019Apple ait\u00a0jamais cr\u00e9\u00e9<\/em><\/span>.<\/p><h5 class=\"subsection-headline typography-site-headline-elevated large-8 large-offset-2 medium-10 medium-offset-1 small-12 small-offset-0\">L\u2019\u00e9cran le plus avanc\u00e9 au monde.<\/h5><p>Le nouvel \u00e9cran Ultra Retina XDR inaugure une technologie r\u00e9volu\u00ad\u00adtionnaire d\u2019OLED en tandem. La\u00a0luminosit\u00e9 extr\u00eame, le\u00a0contraste d\u2019une exceptionnelle pr\u00e9cision et les technologies avanc\u00e9es telles que ProMotion et True\u00a0Tone se conjuguent pour vous offrir une <span class=\"highlight\"><em>exp\u00e9rience visuelle \u00e0 couper le souffle<\/em><\/span>. Et pour les activit\u00e9s qui r\u00e9clament une parfaite pr\u00e9cision de la couleur, vous pouvez utiliser le\u00a0mode R\u00e9f\u00e9rence.<\/p><h5 class=\"subsection-headline typography-site-headline-elevated large-7 large-offset-1 medium-9 medium-offset-0 small-12\">Puce \u00e0 r\u00e9action.<\/h5><p>D\u00e9couvrez la <span class=\"highlight\"><em>M5, la puce Apple nouvelle g\u00e9n\u00e9ration<\/em><\/span> qui livre des performances hors normes au c\u0153ur du design exceptionnelle\u00adment fin et l\u00e9ger de l\u2019iPad Pro. Un tout nouveau moteur d\u2019affichage offre un niveau stup\u00e9fiant de pr\u00e9cision, de couleur et de luminosit\u00e9. Un puissant GPU avec ray tracing \u00e0 acc\u00e9l\u00e9ration mat\u00e9rielle assure le rendu de graphismes qui changent la donne. Et le Neural Engine de la M5 fait de l\u2019iPad Pro un champion de l\u2019IA.<\/p><h5 class=\"subsection-headline typography-site-headline-elevated large-10 large-offset-1 medium-11 medium-offset-0 small-12\">iPadOS et\u00a0apps. De\u00a0vrais bureaux de\u00a0travail.<\/h5><p>iPadOS est con\u00e7u pour vous permettre d\u2019accomplir efficace\u00adment des t\u00e2ches complexes et de <span class=\"highlight\"><em>faire tout ce que vous aimez<\/em><\/span> avec aisance et simplicit\u00e9. Utilisez des apps pro, jouez \u00e0 des jeux hautes performances et lancez-vous dans des projets cr\u00e9atifs de toute taille en profitant d\u2019une interface intuitive pens\u00e9e pour le toucher.<\/p><h5 class=\"subsection-headline typography-site-headline-elevated large-8 large-offset-1 medium-9 medium-offset-0 small-12\">Apple Pencil Pro. Taill\u00e9 pour tout cr\u00e9er.<\/h5><p>En mati\u00e8re de dessin, de peinture, d\u2019\u00e9criture et de prise de notes, l\u2019Apple Pencil donne le ton\u00a0: chaque geste devient intuitif et pr\u00e9cis, comme par magie. Sensible \u00e0 l\u2019inclinaison et\u00a0dot\u00e9 d\u2019une technologie de d\u00e9tection de la paume, il r\u00e9alise tout avec une faible latence et une pr\u00e9cision au pixel pr\u00e8s. Et le <strong>tout nouvel Apple Pencil Pro<\/strong> pousse encore plus loin ces atouts pour donner \u00e0 vos id\u00e9es une port\u00e9e in\u00e9dite.<\/p><h5 class=\"subsection-headline typography-site-headline-elevated large-8 large-offset-1 medium-9 medium-offset-0 small-12\">Magic Keyboard. Une touche d\u2019innovation.<\/h5><p>Le Magic\u00a0Keyboard offre un exceptionnel confort de frappe et d\u2019utilisation du trackpad dans un <span class=\"highlight\"><em>nouveau design portable et \u00e9l\u00e9gant<\/em><\/span>, avec repose-poignet en aluminium<sup class=\"footnote footnote-number\"><a href=\"https:\/\/www.apple.com\/fr\/ipad-pro\/#footnote-3\" aria-label=\"Note de bas de page 1\" data-modal-close=\"\">1<\/a><\/sup>. Le clavier inclut une rang\u00e9e de touches de fonction et un trackpad en verre plus grand avec retour haptique pour un travail pr\u00e9cis et les gestes Multi-Touch.<\/p><h5 class=\"subsection-headline typography-site-headline-elevated large-4 small-12\">Micros. Cam\u00e9ra. Action.<\/h5><p><span class=\"highlight\"><em>Tournez, montez et partagez vos vid\u00e9os depuis un m\u00eame appareil<\/em><\/span>dot\u00e9 d\u2019un syst\u00e8me photo pro avec scanner LiDAR, de micros de qualit\u00e9 studio et de quatre haut-parleurs. Tournez de la vid\u00e9o ProRes\u00a04K, rejoignez un appel vid\u00e9o avec la nouvelle cam\u00e9ra avant horizontale et num\u00e9risez des docu\u00adments en b\u00e9n\u00e9ficiant d\u2019un niveau de qualit\u00e9 spectaculaire gr\u00e2ce \u00e0\u00a0l\u2019IA.<\/p><h5 class=\"subsection-headline typography-site-headline-elevated large-12 connectivity-headline\">Imaginez. Connectez.<\/h5><p>Gr\u00e2ce \u00e0 sa connectivit\u00e9 pro, l\u2019iPad\u00a0Pro acquiert une polyva\u00ad\u00adlence in\u00e9dite. <span class=\"highlight\"><em>Pilotez des \u00e9crans externes haute r\u00e9solution<\/em><\/span> jusqu\u2019\u00e0 6K et connectez-vous \u00e0\u00a0des dispositifs de stockage via Thunderbolt. Et gardez le contact en tout lieu gr\u00e2ce \u00e0 de fulgurantes capacit\u00e9s Wi\u2011Fi\u00a06E et\u00a05G.<\/p><h5 class=\"subsection-headline typography-site-headline-elevated large-12 connectivity-headline\">Des innovations qui changent tout.<\/h5><p>Ce qui est important pour vous l\u2019est aussi pour Apple. Par exemple, nous utilisons plus de mat\u00e9riaux recycl\u00e9s pour r\u00e9duire l\u2019impact environ\u00adnemental. Nous mettons en \u0153uvre des mesures de protection de la vie priv\u00e9e qui vous donnent plus de contr\u00f4le sur vos donn\u00e9es. Et nous cr\u00e9ons des fonctionnalit\u00e9s int\u00e9gr\u00e9es pour rendre l\u2019iPad accessible \u00e0 tout le monde.<\/p>\t\t\t\t\t<\/div>\n\t\t\t\t\t\t<\/div>\n\t\t\t\t<\/div>\n\t\t\t\t\t\t<\/div>\n\t\t\t\t\t<\/div>\n\t\t<\/div>\n\t\t\t\t\t\t\t\t<\/div>\n\t\t\t\t\t<\/div>\n\t\t<\/section>\n\t\t\t\t\t\t\t\t\t<\/div>\n\t\t\t<\/div>\n\t\t\t\t\t<\/div>\n\t\t","protected":false},"excerpt":{"rendered":"<p>Tout nouveau design pro. Incroyablement portable. Le produit Apple le plus fin jamais con\u00e7u. Ultra Retina XDR. L\u2019\u00e9cran le plus avanc\u00e9 au monde. Luminosit\u00e9 extr\u00eame et contraste net. Nouvelle puce Apple M5. Performances hors normes, graphismes spectaculaires et puissantes fonction\u00adnalit\u00e9s d\u2019IA. G\u00e9rez facilement vos projets pro avec iPadOS et des apps<br class=\"large\" \/>incroyables. Tout nouvel Apple Pencil Pro, nouvelles fonctionnalit\u00e9s pour cr\u00e9ativit\u00e9 de pointe. Magic Keyboard r\u00e9invent\u00e9 et plus fin, avec excellent confort de frappe et trackpad avec retour haptique.<\/p>\n<h3 class=\"subsection-headline typography-site-headline-elevated large-centered medium-10 medium-offset-1 small-12 small-offset-0\"><\/h3>\n","protected":false},"featured_media":7448,"comment_status":"open","ping_status":"closed","template":"","meta":[],"product_cat":[450,494],"product_tag":[],"class_list":{"0":"post-7285","1":"product","2":"type-product","3":"status-publish","4":"has-post-thumbnail","6":"product_cat-ipad","7":"product_cat-ipad-pro","9":"first","10":"instock","11":"shipping-taxable","12":"purchasable","13":"product-type-variable","14":"has-default-attributes"},"_links":{"self":[{"href":"https:\/\/ispot.ma\/index.php?rest_route=\/wp\/v2\/product\/7285","targetHints":{"allow":["GET"]}}],"collection":[{"href":"https:\/\/ispot.ma\/index.php?rest_route=\/wp\/v2\/product"}],"about":[{"href":"https:\/\/ispot.ma\/index.php?rest_route=\/wp\/v2\/types\/product"}],"replies":[{"embeddable":true,"href":"https:\/\/ispot.ma\/index.php?rest_route=%2Fwp%2Fv2%2Fcomments&post=7285"}],"version-history":[{"count":10,"href":"https:\/\/ispot.ma\/index.php?rest_route=\/wp\/v2\/product\/7285\/revisions"}],"predecessor-version":[{"id":9438,"href":"https:\/\/ispot.ma\/index.php?rest_route=\/wp\/v2\/product\/7285\/revisions\/9438"}],"wp:featuredmedia":[{"embeddable":true,"href":"https:\/\/ispot.ma\/index.php?rest_route=\/wp\/v2\/media\/7448"}],"wp:attachment":[{"href":"https:\/\/ispot.ma\/index.php?rest_route=%2Fwp%2Fv2%2Fmedia&parent=7285"}],"wp:term":[{"taxonomy":"product_cat","embeddable":true,"href":"https:\/\/ispot.ma\/index.php?rest_route=%2Fwp%2Fv2%2Fproduct_cat&post=7285"},{"taxonomy":"product_tag","embeddable":true,"href":"https:\/\/ispot.ma\/index.php?rest_route=%2Fwp%2Fv2%2Fproduct_tag&post=7285"}],"curies":[{"name":"wp","href":"https:\/\/api.w.org\/{rel}","templated":true}]}}