{"id":7413,"date":"2024-06-05T15:41:46","date_gmt":"2024-06-05T15:41:46","guid":{"rendered":"https:\/\/ispot.ma\/?post_type=product&#038;p=7413"},"modified":"2025-12-04T17:52:19","modified_gmt":"2025-12-04T17:52:19","slug":"imac-24-m3","status":"publish","type":"product","link":"https:\/\/ispot.ma\/?product=imac-24-m3","title":{"rendered":"iMac 24&Prime;"},"content":{"rendered":"\t\t<div data-elementor-type=\"wp-post\" data-elementor-id=\"7413\" class=\"elementor elementor-7413\">\n\t\t\t\t\t\t<div class=\"elementor-inner\">\n\t\t\t\t<div class=\"elementor-section-wrap\">\n\t\t\t\t\t\t\t\t\t<section class=\"elementor-section elementor-top-section elementor-element elementor-element-5150b015 elementor-section-boxed elementor-section-height-default elementor-section-height-default none\" data-id=\"5150b015\" data-element_type=\"section\">\n\t\t\t\t\t\t<div class=\"elementor-container elementor-column-gap-default\">\n\t\t\t\t\t\t\t<div class=\"elementor-row\">\n\t\t\t\t\t<div class=\"elementor-column elementor-col-100 elementor-top-column elementor-element elementor-element-77e1bb0 none\" data-id=\"77e1bb0\" data-element_type=\"column\">\n\t\t\t<div class=\"elementor-column-wrap elementor-element-populated\">\n\t\t\t\t\t\t\t<div class=\"elementor-widget-wrap\">\n\t\t\t\t\t\t<div class=\"elementor-element elementor-element-3d850e2f none elementor-widget elementor-widget-text-editor\" data-id=\"3d850e2f\" data-element_type=\"widget\" data-widget_type=\"text-editor.default\">\n\t\t\t\t<div class=\"elementor-widget-container\">\n\t\t\t\t\t\t\t\t<div class=\"elementor-text-editor elementor-clearfix\">\n\t\t\t\t<h5 class=\"typography-section-headline flip-headline\" aria-label=\"Sept teintes, sept possibilit\u00e9s. Voyez la vie en [vert jaune orange rose mauve bleu argent] couleurs. \"><strong><span class=\"flip-headline-part\" aria-hidden=\"true\">Sept&nbsp;teintes, sept&nbsp;possibilit\u00e9s.<\/span><span class=\"flip-headline-part\" aria-hidden=\"true\">Voyez la vie en couleurs.<\/span><\/strong><\/h5>\n<p aria-label=\"Sept teintes, sept possibilit\u00e9s. Voyez la vie en [vert jaune orange rose mauve bleu argent] couleurs. \">7 couleurs \u00e0 d\u00e9couvrir <span class=\"flip-headline-part\" aria-hidden=\"true\"><span class=\"flip-types\" data-component-list=\"HueSlide\" data-start=\"a0b - 80vh\" data-duration=\"0.3\" data-stagger=\"[0.4, 0.7]\" data-ease-function=\"easeOutQuad\"><span class=\"flip-type color-green js-will-change\" data-hue-anim=\"\">vert, <\/span><span class=\"flip-type color-yellow js-will-change\" data-hue-anim=\"\">jaune, <\/span><span class=\"flip-type color-orange js-will-change\" data-hue-anim=\"\">orange, <\/span><span class=\"flip-type color-pink js-will-change\" data-hue-anim=\"\">rose, <\/span><span class=\"flip-type color-purple js-will-change\" data-hue-anim=\"\">mauve, <\/span><span class=\"flip-type color-blue js-will-change\" data-hue-anim=\"\">bleu et <\/span><span class=\"flip-type color-silver js-will-change\" data-hue-anim=\"\">argent<\/span><span class=\"flip-type flip-type-hue js-will-change\" data-hue-anim=\"\" data-shift-anim=\"\">.<\/span><\/span><\/span><\/p>\n<h5 class=\"typography-section-headline\"><strong>\u00c0&nbsp;peine 11,5&nbsp;mm. Si&nbsp;fin, c\u2019est&nbsp;fou.<\/strong><\/h5>\n<p>Ce design unique, l\u2019iMac le doit aux puces Apple. Et avec l\u2019arriv\u00e9e de la M4, les perfor\u00admances passent encore un cap.<\/p>\n<p>La M4 r\u00e9unit sur une&nbsp;m\u00eame puce le processeur central, le processeur graphique et la m\u00e9moire, entre autres. Tout l\u2019ordina\u00adteur est donc si&nbsp;fin qu\u2019il en&nbsp;vient presque \u00e0 dispara\u00eetre.<\/p>\n<h5><strong><span class=\"color-blue\">Plein la vue. <\/span>Et&nbsp;plein&nbsp;de&nbsp;d\u00e9tails.<\/strong><\/h5>\n<p>Avec son grand \u00e9cran Retina de&nbsp;24&nbsp;pouces, l\u2019iMac vous offre l\u2019espace id\u00e9al pour multiplier les activit\u00e9s, plonger dans vos films et vos jeux, et faire bien d\u2019autres choses encore. Vous profitez d\u2019un&nbsp;niveau de&nbsp;d\u00e9tail et d\u2019une clart\u00e9 extraordinaire gr\u00e2ce \u00e0 sa r\u00e9solution&nbsp;4,5K et \u00e0 sa luminosit\u00e9 de 500&nbsp;nits. Par rapport au&nbsp;PC tout\u2011en\u2011un 24&nbsp;pouces le&nbsp;plus vendu, <span class=\"color-blue\">la&nbsp;r\u00e9solution est multipli\u00e9e par&nbsp;cinq<\/span> et <span class=\"color-blue\">la luminosit\u00e9 pr\u00e8s de 70&nbsp;%&nbsp;sup\u00e9rieure<\/span>. Et&nbsp;avec plus d\u2019un&nbsp;milliard de couleurs, la large gamme de couleurs&nbsp;P3 donne vie \u00e0&nbsp;tous vos contenus. Quoi que vous fassiez, l\u2019\u00e9merveillement est garanti.<\/p>\n<h5 class=\"section-headline color-yellow typography-headline\"><strong>Cam\u00e9ra FaceTime HD 1080p. Vous&nbsp;passez vraiment bien&nbsp;\u00e0&nbsp;l\u2019\u00e9cran.<\/strong><\/h5>\n<p>Cette cam\u00e9ra est tout simplement la meilleure jamais int\u00e9gr\u00e9e \u00e0&nbsp;un&nbsp;iMac. Avec son processeur de signal d\u2019image int\u00e9gr\u00e9, la&nbsp;M4 optimise la qualit\u00e9 de l\u2019image en analysant et en&nbsp;am\u00e9liorant chaque pixel, \u00e0&nbsp;la&nbsp;vitesse de plus de mille milliards d\u2019op\u00e9rations par&nbsp;seconde. Vous b\u00e9n\u00e9ficiez ainsi d\u2019une meilleure r\u00e9duction du bruit, d\u2019une incroyable gamme dynamique et&nbsp;d\u2019une exposition plus \u00e9quilibr\u00e9e pour \u00eatre toujours \u00e0 votre avantage. La&nbsp;M4 s\u2019allie \u00e9galement \u00e0&nbsp;macOS pour mieux animer vos&nbsp;pr\u00e9sentations gr\u00e2ce \u00e0&nbsp;Incrustation de&nbsp;l\u2019intervenant. Une fonctionnalit\u00e9 qui renforce votre pr\u00e9sence en&nbsp;superposant votre image aux&nbsp;contenus que&nbsp;vous partagez lors&nbsp;de&nbsp;vos appels&nbsp;vid\u00e9o.<\/p>\n<h5 class=\"section-headline color-purple typography-headline\"><strong>Micros de qualit\u00e9 studio. Vos conversations m\u00e9ritent&nbsp;bien&nbsp;\u00e7a.<\/strong><\/h5>\n<p>Que vous soyez en train de discuter en vid\u00e9o, d\u2019enregistrer un&nbsp;podcast ou de&nbsp;diffuser des contenus en direct sur Internet, les&nbsp;micros de l\u2019iMac veillent \u00e0&nbsp;capter votre voix \u00e0&nbsp;la perfection. Le syst\u00e8me \u00e0&nbsp;trois&nbsp;micros de qualit\u00e9 studio est con\u00e7u pour limiter les retours, tandis que la technologie de beamforming contribue \u00e0 estomper les bruits de fond. C\u2019est bien vous qu\u2019on&nbsp;entend, pas ce qui se&nbsp;passe autour.<\/p>\n<h5 class=\"typography-speaker-section-headline headline\"><strong><span class=\"color-orange\">Syst\u00e8me audio \u00e0 six haut\u2011parleurs. <\/span>Le&nbsp;son&nbsp;ici.&nbsp;L\u00e0. Partout.<\/strong><\/h5>\n<p>L\u2019iMac offre un son incomparable dans n\u2019importe quel espace. Deux&nbsp;paires de&nbsp;woofers \u00e0 annulation de force livrent des&nbsp;basses \u00e0 la fois riches et&nbsp;profondes. Et&nbsp;chacune est&nbsp;\u00e9quilibr\u00e9e par un tweeter ultra-performant pour cr\u00e9er une sc\u00e8ne sonore impressionnante qui donne une dimension in\u00e9gal\u00e9e \u00e0&nbsp;vos films, \u00e0&nbsp;votre musique et \u00e0&nbsp;tous vos contenus. L\u2019iMac prend&nbsp;aussi en charge l\u2019Audio spatial avec Dolby&nbsp;Atmos. Ajoutez \u00e0&nbsp;cela l\u2019\u00e9cran Retina 4,5K, et&nbsp;vous voil\u00e0 \u00e0&nbsp;la&nbsp;t\u00eate de&nbsp;votre propre salle de projection.<\/p>\n<h5 class=\"section-headline color-pink typography-section-headline\"><strong>M4 et macOS. Productivitesse.<\/strong><\/h5>\n<p class=\"section-headline color-pink typography-section-headline\">Avec la puce M4 et macOS, l\u2019iMac profite des technologies les plus r\u00e9centes et les plus avanc\u00e9es, qui&nbsp;lui assurent un&nbsp;niveau exceptionnel de&nbsp;performances, d\u2019efficacit\u00e9 \u00e9nerg\u00e9tique et de s\u00e9curit\u00e9. N\u00e9e d\u2019un proc\u00e9d\u00e9 technologique nouvelle g\u00e9n\u00e9ration, la&nbsp;M4 vous permet de jongler avec des&nbsp;centaines d\u2019onglets de navigateur, tout en travaillant sur votre pr\u00e9sentation, ou en partant \u00e0 la&nbsp;d\u00e9couverte de mondes merveilleux aux graphismes extraordinaires. Le nouvel iMac est&nbsp;ainsi <span class=\"color-pink\">jusqu\u2019\u00e0 quatre&nbsp;fois plus&nbsp;rapide<\/span> que le PC tout\u2011en\u2011un 24 pouces \u00e9quip\u00e9 du dernier processeur Intel Core i7 le plus vendu. Et m\u00eame soumis \u00e0 des charges de travail aussi intenses, il garde la t\u00eate froide et reste silencieux. C\u2019est l\u2019effet de la puissance conjugu\u00e9e de la puce, des logiciels et du mat\u00e9riel, tous con\u00e7us ensemble.<\/p>\n<p class=\"section-headline color-pink typography-section-headline\">Navigateur le plus rapide au monde, <span class=\"color-pink\">Safari atteint une vitesse jusqu\u2019\u00e0 30&nbsp;%&nbsp;sup\u00e9rieure. <\/span>Cr\u00e9ez\u2011vous des profils person\u00adnalis\u00e9s et partagez en toute s\u00e9curit\u00e9 vos mots de passe et cl\u00e9s d\u2019identification.<\/p>\n<p class=\"section-headline color-pink typography-section-headline\">Gr\u00e2ce \u00e0 la M4, le gaming passe au niveau sup\u00e9rieur avec une <span class=\"color-pink\">fr\u00e9quence d\u2019images jusqu\u2019\u00e0 50&nbsp;%&nbsp;plus&nbsp;rapide<\/span> et un ray tracing acc\u00e9l\u00e9r\u00e9 pour cr\u00e9er un \u00e9clairage et des reflets encore plus r\u00e9alistes.<\/p>\n<p class=\"section-headline color-pink typography-section-headline\">Travaillez <span class=\"color-pink\">jusqu\u2019\u00e0 deux&nbsp;fois plus&nbsp;vite dans Adobe Photoshop. <\/span>Et retouchez ais\u00e9ment des images de plus de 100 m\u00e9gapixels.<\/p>\n<h5 class=\"section-headline color-pink typography-section-headline\"><strong>iMac et iPhone. Main dans la main.<\/strong><\/h5>\n<p class=\"section-headline color-pink typography-section-headline\">L\u2019iMac, c\u2019est tout ce que vous adorez sur l\u2019iPhone, servi sur un superbe \u00e9cran 24 pouces. Avec l\u2019iPhone, vous avez toujours acc\u00e8s aux contenus essentiels de votre iMac, o\u00f9 que vous soyez. Et lorsque vous les utilisez ensemble, ils font des merveilles.<\/p>\n<p class=\"section-headline color-pink typography-section-headline\">Vos <span class=\"color-yellow\">appels et messages<\/span> arrivent directement sur votre iMac. Inutile de changer d\u2019appareil quand les deux sont \u00e0 port\u00e9e l\u2019un de l\u2019autre.<\/p>\n<p class=\"section-headline color-pink typography-section-headline\">Le <span class=\"color-yellow\">presse\u2011papiers universel<\/span> vous permet de copier du texte, des images, des photos et d\u2019autres contenus de votre iPhone, et de coller le tout sur votre iMac.<\/p>\n<p class=\"section-headline color-pink typography-section-headline\">Et vous pouvez utiliser votre iPhone pour photographier ou scanner un document, et voir celui\u2011ci s\u2019afficher automati\u00adquement sur votre iMac.<\/p>\n<h5 class=\"section-headline color-pink typography-section-headline\"><strong>De la couleur <span class=\"color-green\">jusqu\u2019au bout des doigts.<\/span><\/strong><\/h5>\n<p class=\"section-headline color-pink typography-section-headline\">L\u2019iMac s\u2019accompagne de toute une gamme de&nbsp;claviers, souris et trackpad assortis. Le Magic Keyboard avec Touch&nbsp;ID vous permet de d\u00e9verrouiller facilement et en toute s\u00e9curit\u00e9 votre iMac, de changer de session d\u2019utilisation, de vous servir d\u2019Apple&nbsp;Pay et de t\u00e9l\u00e9charger des&nbsp;apps. Et&nbsp;avec la&nbsp;Magic&nbsp;Mouse et le&nbsp;Magic Trackpad, confort et ergonomie sont plus que jamais au&nbsp;rendez\u2011vous.<\/p>\t\t\t\t\t<\/div>\n\t\t\t\t\t\t<\/div>\n\t\t\t\t<\/div>\n\t\t\t\t\t\t<\/div>\n\t\t\t\t\t<\/div>\n\t\t<\/div>\n\t\t\t\t\t\t\t\t<\/div>\n\t\t\t\t\t<\/div>\n\t\t<\/section>\n\t\t\t\t\t\t\t\t\t<\/div>\n\t\t\t<\/div>\n\t\t\t\t\t<\/div>\n\t\t","protected":false},"excerpt":{"rendered":"<h3>Retour en\u00a0force. Et\u00a0en\u00a0couleurs.<\/h3>\n<p>Le meilleur ordinateur tout\u2011en\u2011un au monde est <strong>maintenant boost\u00e9 par la puce M4<\/strong>. Avec son sublime \u00e9cran 24 pouces\u00a0qui vous offre toute la place dont vous avez besoin. Et\u00a0son design iconique qui ajoute une touche de couleur \u00e0 votre\u00a0espace, l\u2019iMac est id\u00e9al pour travailler ou laisser\u00a0libre\u00a0cours \u00e0\u00a0vos\u00a0passions.<\/p>\n","protected":false},"featured_media":7508,"comment_status":"open","ping_status":"closed","template":"","meta":[],"product_cat":[525,449],"product_tag":[],"class_list":{"0":"post-7413","1":"product","2":"type-product","3":"status-publish","4":"has-post-thumbnail","6":"product_cat-imac","7":"product_cat-mac","8":"product_brand-apple","10":"first","11":"instock","12":"shipping-taxable","13":"purchasable","14":"product-type-variable","15":"has-default-attributes"},"_links":{"self":[{"href":"https:\/\/ispot.ma\/index.php?rest_route=\/wp\/v2\/product\/7413","targetHints":{"allow":["GET"]}}],"collection":[{"href":"https:\/\/ispot.ma\/index.php?rest_route=\/wp\/v2\/product"}],"about":[{"href":"https:\/\/ispot.ma\/index.php?rest_route=\/wp\/v2\/types\/product"}],"replies":[{"embeddable":true,"href":"https:\/\/ispot.ma\/index.php?rest_route=%2Fwp%2Fv2%2Fcomments&post=7413"}],"version-history":[{"count":19,"href":"https:\/\/ispot.ma\/index.php?rest_route=\/wp\/v2\/product\/7413\/revisions"}],"predecessor-version":[{"id":9088,"href":"https:\/\/ispot.ma\/index.php?rest_route=\/wp\/v2\/product\/7413\/revisions\/9088"}],"wp:featuredmedia":[{"embeddable":true,"href":"https:\/\/ispot.ma\/index.php?rest_route=\/wp\/v2\/media\/7508"}],"wp:attachment":[{"href":"https:\/\/ispot.ma\/index.php?rest_route=%2Fwp%2Fv2%2Fmedia&parent=7413"}],"wp:term":[{"taxonomy":"product_cat","embeddable":true,"href":"https:\/\/ispot.ma\/index.php?rest_route=%2Fwp%2Fv2%2Fproduct_cat&post=7413"},{"taxonomy":"product_tag","embeddable":true,"href":"https:\/\/ispot.ma\/index.php?rest_route=%2Fwp%2Fv2%2Fproduct_tag&post=7413"}],"curies":[{"name":"wp","href":"https:\/\/api.w.org\/{rel}","templated":true}]}}