{"id":7458,"date":"2024-07-03T15:45:17","date_gmt":"2024-07-03T15:45:17","guid":{"rendered":"https:\/\/ispot.ma\/?post_type=product&#038;p=7458"},"modified":"2025-12-04T17:53:06","modified_gmt":"2025-12-04T17:53:06","slug":"iphone-15-pro-max","status":"publish","type":"product","link":"https:\/\/ispot.ma\/?product=iphone-15-pro-max","title":{"rendered":"iPhone 15 Pro Max"},"content":{"rendered":"\t\t<div data-elementor-type=\"wp-post\" data-elementor-id=\"7458\" class=\"elementor elementor-7458\">\n\t\t\t\t\t\t<div class=\"elementor-inner\">\n\t\t\t\t<div class=\"elementor-section-wrap\">\n\t\t\t\t\t\t\t\t\t<section class=\"elementor-section elementor-top-section elementor-element elementor-element-4c5dd531 elementor-section-boxed elementor-section-height-default elementor-section-height-default none\" data-id=\"4c5dd531\" data-element_type=\"section\">\n\t\t\t\t\t\t<div class=\"elementor-container elementor-column-gap-default\">\n\t\t\t\t\t\t\t<div class=\"elementor-row\">\n\t\t\t\t\t<div class=\"elementor-column elementor-col-100 elementor-top-column elementor-element elementor-element-443a94fb none\" data-id=\"443a94fb\" data-element_type=\"column\">\n\t\t\t<div class=\"elementor-column-wrap elementor-element-populated\">\n\t\t\t\t\t\t\t<div class=\"elementor-widget-wrap\">\n\t\t\t\t\t\t<div class=\"elementor-element elementor-element-1046cb0a none elementor-widget elementor-widget-text-editor\" data-id=\"1046cb0a\" data-element_type=\"widget\" data-widget_type=\"text-editor.default\">\n\t\t\t\t<div class=\"elementor-widget-container\">\n\t\t\t\t\t\t\t\t<div class=\"elementor-text-editor elementor-clearfix\">\n\t\t\t\t<h5><strong>Au programme.<\/strong><\/h5><p>Puce A17 Pro. Une puissance ph\u00e9nom\u00e9nale. Un bond colossal.<\/p><h5><strong>iPhone. Taill\u00e9 dans le\u00a0titane.<\/strong><\/h5><p><span style=\"font-weight: normal;\">L\u2019iPhone\u00a015\u00a0Pro est le premier iPhone en titane de qualit\u00e9 a\u00e9rospatiale, con\u00e7u \u00e0 partir du m\u00eame alliage que les v\u00e9hicules d\u2019exploration envoy\u00e9s en mission sur Mars. Le titane est l\u2019un des m\u00e9taux offrant le meilleur ratio r\u00e9sistance\/poids, ce qui nous a permis de cr\u00e9er nos<strong> mod\u00e8les pro les plus l\u00e9gers \u00e0 ce jour<\/strong>. Vous sentirez tout de suite la diff\u00e9rence.<\/span><\/p><h5><strong>Puce A17 Pro. G\u00e9ante pour le\u00a0gaming.<\/strong><\/h5><p><span style=\"font-weight: normal;\">D\u00e9couvrez la m\u00e9tamorphose la plus spectaculaire de l\u2019histoire des processeurs graphiques Apple. <\/span><span style=\"font-weight: normal;\">La\u00a0puce A17\u00a0Pro inaugure une toute nouvelle \u00e8re pour l\u2019iPhone et\u00a0livre de loin nos meilleures performances graphiques. Les jeux mobiles sont plus immersifs que jamais, avec des environ\u00adnements ultra-d\u00e9taill\u00e9s et des personnages plus r\u00e9alistes. Et\u00a0gr\u00e2ce \u00e0 sa vitesse et \u00e0 son efficacit\u00e9 \u00e9nerg\u00e9tique de pointe, l\u2019A17\u00a0Pro vous propulse dans une autre dimension.<\/span><\/p><h5><strong>Des photos surr\u00e9alistes. Et plus vraies que nature.<\/strong><\/h5><p><span style=\"font-weight: normal;\">De l\u2019extr\u00eame flexibilit\u00e9 du cadrage aux portraits nouvelle g\u00e9n\u00e9ration, d\u00e9couvrez toutes les possibilit\u00e9s cr\u00e9atives que vous offre le syst\u00e8me photo le plus puissant sur iPhone. Avec l\u2019iPhone\u00a015\u00a0Pro, vous disposez d\u2019une large palette de longueurs focales. C\u2019est comme si vous aviez <strong>sept objectifs professionnels \u00e0 port\u00e9e de main<\/strong>, partout o\u00f9 vous allez. <\/span><span style=\"font-weight: normal;\">Plus sophistiqu\u00e9 que jamais, l\u2019appareil photo principal 48\u00a0Mpx prend des clich\u00e9s en super haute r\u00e9solution avec un niveau in\u00e9dit de d\u00e9tail et de couleur. Vos portraits s\u2019en trouvent nettement am\u00e9lior\u00e9s. Et vous n\u2019avez m\u00eame plus besoin de choisir le mode Portrait. Si votre sujet est une personne, un chat ou un chien, l\u2019iPhone int\u00e8gre automa\u00adtiquement les donn\u00e9es de profondeur. Vous pouvez instan\u00adtan\u00e9ment transformer votre photo en portrait avec un effet de flou \u00e9l\u00e9gant sur l\u2019arri\u00e8re-plan. Ou le faire plus tard dans l\u2019app Photos.<\/span><\/p><h5><strong>Zoom 120 mm. Encore plus proche de la perfection.<\/strong><\/h5><p><span style=\"font-weight: normal;\">Pour l\u2019iPhone\u00a015\u00a0Pro\u00a0Max, nous avons con\u00e7u un appareil photo t\u00e9l\u00e9objectif 5x dot\u00e9 du zoom optique le plus puissant jamais vu sur iPhone, parfaitement int\u00e9gr\u00e9 \u00e0 notre syst\u00e8me photo pro compact. Vous pouvez d\u00e9sormais r\u00e9aliser des gros plans plus nets d\u2019encore plus loin et prendre une photo sensationnelle d\u2019une amie ou immortaliser le but marqu\u00e9 par votre enfant pendant un match de foot.<\/span><\/p><h5><strong>Un vrai pro de la batterie.<\/strong><\/h5><p><span style=\"font-weight: normal;\">En plus de toutes ses nouvelles fonctionnalit\u00e9s avanc\u00e9es, l\u2019iPhone\u00a015\u00a0Pro vous offre toujours une formidable autonomie d\u2019une\u00a0journ\u00e9e.<\/span><\/p>\t\t\t\t\t<\/div>\n\t\t\t\t\t\t<\/div>\n\t\t\t\t<\/div>\n\t\t\t\t\t\t<\/div>\n\t\t\t\t\t<\/div>\n\t\t<\/div>\n\t\t\t\t\t\t\t\t<\/div>\n\t\t\t\t\t<\/div>\n\t\t<\/section>\n\t\t\t\t\t\t\t\t\t<\/div>\n\t\t\t<\/div>\n\t\t\t\t\t<\/div>\n\t\t","protected":false},"excerpt":{"rendered":"<p>L\u2019iPhone\u00a015\u00a0Pro est <strong>le premier iPhone en titane de qualit\u00e9 a\u00e9rospatiale<\/strong>, con\u00e7u \u00e0 partir du m\u00eame alliage que les v\u00e9hicules d\u2019exploration envoy\u00e9s en mission sur Mars. Le titane est l\u2019un des m\u00e9taux offrant le meilleur ratio r\u00e9sistance\/poids, ce qui nous a permis de cr\u00e9er nos<strong> mod\u00e8les pro les plus l\u00e9gers \u00e0 ce jour<\/strong>. Vous sentirez tout de suite la diff\u00e9rence.<\/p>\n","protected":false},"featured_media":7135,"comment_status":"open","ping_status":"closed","template":"","meta":[],"product_cat":[444,448],"product_tag":[507,197,505,506],"class_list":{"0":"post-7458","1":"product","2":"type-product","3":"status-publish","4":"has-post-thumbnail","6":"product_cat-iphone","7":"product_cat-iphone-15-pro-max","8":"product_tag-apple","9":"product_tag-iphone","10":"product_tag-iphone-15","11":"product_tag-iphone-15-pro","12":"product_brand-apple","14":"first","15":"instock","16":"sale","17":"shipping-taxable","18":"purchasable","19":"product-type-variable","20":"has-default-attributes"},"_links":{"self":[{"href":"https:\/\/ispot.ma\/index.php?rest_route=\/wp\/v2\/product\/7458","targetHints":{"allow":["GET"]}}],"collection":[{"href":"https:\/\/ispot.ma\/index.php?rest_route=\/wp\/v2\/product"}],"about":[{"href":"https:\/\/ispot.ma\/index.php?rest_route=\/wp\/v2\/types\/product"}],"replies":[{"embeddable":true,"href":"https:\/\/ispot.ma\/index.php?rest_route=%2Fwp%2Fv2%2Fcomments&post=7458"}],"version-history":[{"count":4,"href":"https:\/\/ispot.ma\/index.php?rest_route=\/wp\/v2\/product\/7458\/revisions"}],"predecessor-version":[{"id":8815,"href":"https:\/\/ispot.ma\/index.php?rest_route=\/wp\/v2\/product\/7458\/revisions\/8815"}],"wp:featuredmedia":[{"embeddable":true,"href":"https:\/\/ispot.ma\/index.php?rest_route=\/wp\/v2\/media\/7135"}],"wp:attachment":[{"href":"https:\/\/ispot.ma\/index.php?rest_route=%2Fwp%2Fv2%2Fmedia&parent=7458"}],"wp:term":[{"taxonomy":"product_cat","embeddable":true,"href":"https:\/\/ispot.ma\/index.php?rest_route=%2Fwp%2Fv2%2Fproduct_cat&post=7458"},{"taxonomy":"product_tag","embeddable":true,"href":"https:\/\/ispot.ma\/index.php?rest_route=%2Fwp%2Fv2%2Fproduct_tag&post=7458"}],"curies":[{"name":"wp","href":"https:\/\/api.w.org\/{rel}","templated":true}]}}