{"id":7517,"date":"2024-07-04T15:12:50","date_gmt":"2024-07-04T15:12:50","guid":{"rendered":"https:\/\/ispot.ma\/?post_type=product&#038;p=7517"},"modified":"2025-12-04T17:52:04","modified_gmt":"2025-12-04T17:52:04","slug":"apple-watch-serie-9","status":"publish","type":"product","link":"https:\/\/ispot.ma\/?product=apple-watch-serie-9","title":{"rendered":"Apple Watch S\u00e9rie 9"},"content":{"rendered":"\t\t<div data-elementor-type=\"wp-post\" data-elementor-id=\"7517\" class=\"elementor elementor-7517\">\n\t\t\t\t\t\t<div class=\"elementor-inner\">\n\t\t\t\t<div class=\"elementor-section-wrap\">\n\t\t\t\t\t\t\t\t\t<section class=\"elementor-section elementor-top-section elementor-element elementor-element-4b3001c8 elementor-section-boxed elementor-section-height-default elementor-section-height-default none\" data-id=\"4b3001c8\" data-element_type=\"section\">\n\t\t\t\t\t\t<div class=\"elementor-container elementor-column-gap-default\">\n\t\t\t\t\t\t\t<div class=\"elementor-row\">\n\t\t\t\t\t<div class=\"elementor-column elementor-col-100 elementor-top-column elementor-element elementor-element-5904bb39 none\" data-id=\"5904bb39\" data-element_type=\"column\">\n\t\t\t<div class=\"elementor-column-wrap elementor-element-populated\">\n\t\t\t\t\t\t\t<div class=\"elementor-widget-wrap\">\n\t\t\t\t\t\t<div class=\"elementor-element elementor-element-434c97c7 none elementor-widget elementor-widget-text-editor\" data-id=\"434c97c7\" data-element_type=\"widget\" data-widget_type=\"text-editor.default\">\n\t\t\t\t<div class=\"elementor-widget-container\">\n\t\t\t\t\t\t\t\t<div class=\"elementor-text-editor elementor-clearfix\">\n\t\t\t\t<h5 class=\"typography-modal-headline modal-headline\">Forme. Chaque mouvement compte.<\/h5><p class=\"feature-card-modal-copy-highlight typography-feature-card-modal-copy\"><strong>Compl\u00e9tez vos anneaux.<\/strong> Les trois anneaux Bouger, M\u2019entra\u00eener et Me\u00a0lever suivent votre activit\u00e9 et vous aident \u00e0 atteindre vos\u00a0objectifs au\u00a0quotidien.<\/p><p class=\"feature-card-modal-copy-highlight typography-feature-card-modal-copy\"><strong>Entra\u00een\u00e9e pour tous vos entra\u00eenements.<\/strong> Du\u00a0v\u00e9lo au yoga en passant par\u00a0le\u00a0HIIT, vous avez l\u2019embarras du choix pour vous entra\u00eener, et vous pouvez suivre avec pr\u00e9cision toutes les donn\u00e9es qui vous importent le\u00a0plus.<\/p><p class=\"feature-card-modal-copy-highlight typography-feature-card-modal-copy\"><strong>Au courant quand vous courez.<\/strong> Pour la course, l\u2019Apple\u00a0Watch a pens\u00e9 \u00e0\u00a0tout. Vous pouvez utiliser des vues comme Zones de fr\u00e9quence cardiaque, cibler des objectifs de temps sp\u00e9cifiques avec Rythme ou\u00a0effectuer des entra\u00eenements par intervalles avec des exercices personnalis\u00e9s.<\/p><p class=\"feature-card-modal-copy-highlight typography-feature-card-modal-copy\"><strong>Dans son \u00e9l\u00e9ment pour braver les \u00e9l\u00e9ments.<\/strong> L\u2019Apple Watch r\u00e9siste \u00e0 l\u2019eau, \u00e0 la poussi\u00e8re et aux chutes. Vous pouvez nager, marcher et tout\u00a0faire entre les deux sans inqui\u00e9tude.<\/p><h5 class=\"typography-modal-headline modal-headline\">Sant\u00e9. Elle vous conna\u00eet par c\u0153ur.<\/h5><p class=\"feature-card-modal-copy-highlight typography-feature-card-modal-copy\"><strong>Suivez le rythme.<\/strong> Avec l\u2019app ECG, l\u2019Apple\u00a0Watch est capable de g\u00e9n\u00e9rer un ECG qui correspond \u00e0 un \u00e9lectrocardio\u00adgramme \u00e0 une\u00a0d\u00e9rivation. Et\u00a0l\u2019app Fr\u00e9quence cardiaque vous alerte en cas de fr\u00e9quence cardiaque \u00e9lev\u00e9e ou faible, ou d\u2019arythmie.<\/p><p class=\"feature-card-modal-copy-highlight typography-feature-card-modal-copy\"><strong>Qui dort gagne.<\/strong> Cr\u00e9ez-vous facilement une routine d\u2019endormissement et suivez l\u2019\u00e9volution de votre sommeil. Vous pouvez m\u00eame voir vos phases de sommeil paradoxal, lent et profond ainsi que vos\u00a0moments d\u2019\u00e9veil.<\/p><p class=\"feature-card-modal-copy-highlight typography-feature-card-modal-copy\"><strong>L\u2019image m\u00eame de la sant\u00e9.<\/strong> Associ\u00e9e \u00e0 l\u2019app Sant\u00e9 sur iPhone, l\u2019Apple\u00a0Watch vous donne une id\u00e9e plus pr\u00e9cise des facteurs importants de votre bien-\u00eatre, comme le\u00a0sommeil, l\u2019activit\u00e9 physique, la fr\u00e9quence cardiaque, le\u00a0cycle menstruel et la sant\u00e9 mentale.<\/p><h5 class=\"typography-modal-topic-label modal-topic-label\">Connectivit\u00e9. Tout votre monde \u00e0\u00a0votre\u00a0poignet.<\/h5><p class=\"feature-card-modal-copy-highlight typography-feature-card-modal-copy\"><strong>R\u00e9pondez \u00e0 l\u2019appel.<\/strong> Et au message. Appelez, envoyez des messages, recevez des notifications et \u00e9coutez de la musique de\u00a0quasiment n\u2019importe o\u00f9. Avec un forfait cellulaire, vous pouvez tout faire sans votre t\u00e9l\u00e9phone, pendant que vous courez ou faites vos\u00a0courses.<\/p><p class=\"feature-card-modal-copy-highlight typography-feature-card-modal-copy\"><strong>Toutes vos cartes.<\/strong> \u00c0 la carte. Payez tous vos\u00a0achats ou presque avec Apple\u00a0Pay, directement depuis votre poignet. Utilisez l\u2019app Cartes pour stocker vos cl\u00e9s de maison, cl\u00e9 de voiture, carte d\u2019embarque\u00adment et carte de transport.<\/p><p class=\"feature-card-modal-copy-highlight typography-feature-card-modal-copy\"><strong>Bo\u00eete \u00e0 musique.<\/strong> Et \u00e0 podcasts. \u00c9coutez plus de 100\u00a0millions de morceaux en streaming avec Apple\u00a0Music. T\u00e9l\u00e9chargez des podcasts sur votre montre. D\u00e9couvrez les nouveaux livres audio. Et\u00a0\u00e9coutez le contenu de vos autres\u00a0apps pr\u00e9f\u00e9r\u00e9es.<\/p><h5 class=\"typography-modal-topic-label modal-topic-label\">S\u00e9curit\u00e9. De l\u2019aide \u00e0 port\u00e9e de\u00a0main.<\/h5><p class=\"feature-card-modal-copy-highlight typography-feature-card-modal-copy\"><strong>\u00c0 votre service en cas d\u2019urgence.<\/strong> L\u2019Apple\u00a0Watch peut d\u00e9tecter une mauvaise chute ou un accident grave, puis appeler automatiquement les secours, indiquer votre position et avertir vos contacts d\u2019urgence.<\/p><p class=\"feature-card-modal-copy-highlight typography-feature-card-modal-copy\"><strong>Localiser. Une app bien trouv\u00e9e pour tout retrouver.<\/strong> L\u2019app Localiser vous aide \u00e0\u00a0trouver facilement une personne dans un endroit bond\u00e9 et vous pr\u00e9vient quand votre famille est arriv\u00e9e \u00e0\u00a0bon\u00a0port. Vous pouvez \u00e9galement localiser vos appareils perdus ou vol\u00e9s.<\/p><p class=\"feature-card-modal-copy-highlight typography-feature-card-modal-copy\"><strong>Sonnez l\u2019alarme.<\/strong> Gr\u00e2ce \u00e0 la sir\u00e8ne de l\u2019Apple\u00a0Watch Ultra\u00a02, vous pouvez rapidement alerter les gens autour de vous lorsque vous avez besoin d\u2019aide. Il\u00a0vous suffit d\u2019appuyer de fa\u00e7on prolong\u00e9e sur le bouton Action et d\u2019attendre la fin du compte \u00e0 rebours.<\/p><h5 class=\"typography-modal-topic-label modal-topic-label\">Apple Watch + iPhone. Tandem de\u00a0choc.<\/h5><p class=\"feature-card-modal-copy-highlight typography-feature-card-modal-copy\"><strong>iPhone \u00e9gar\u00e9, aussit\u00f4t retrouv\u00e9.<\/strong> Si vous n\u2019arrivez pas \u00e0 remettre la main sur votre iPhone, faites-le sonner pour entendre o\u00f9 il se cache. Sur l\u2019Apple Watch Series 10 et l\u2019Apple Watch Ultra 2, la fonctionnalit\u00e9 Localisation pr\u00e9cise peut vous guider vers votre iPhone 15 en indiquant sa distance approximative et la direction dans laquelle il se trouve.<\/p><p class=\"feature-card-modal-copy-highlight typography-feature-card-modal-copy\"><strong>Cadrez. Souriez. T\u00e9l\u00e9commandez.<\/strong> Pour prendre une photo de groupe avec votre iPhone, servez-vous de votre montre pour visualiser le cadre, puis d\u00e9clencher l\u2019appareil photo ou lancer le retardateur. Le\u00a0tout, \u00e0\u00a0distance.<\/p><p class=\"feature-card-modal-copy-highlight typography-feature-card-modal-copy\"><strong>Votre poignet montre le chemin.<\/strong> L\u2019app Plans peut vous fournir un itin\u00e9raire d\u00e9taill\u00e9 et vous indiquer qu\u2019il est temps de\u00a0tourner par un retour haptique sur votre poignet. Pratique lorsque vous marchez dans une rue anim\u00e9e ou que vous empruntez un nouvel itin\u00e9raire \u00e0\u00a0v\u00e9lo.<\/p><h5 class=\"typography-modal-topic-label modal-topic-label\">Personnalisation. Pile \u00e0 votre image.<\/h5><p class=\"feature-card-modal-copy-highlight typography-feature-card-modal-copy\"><strong>Faites le tour des bracelets.<\/strong> Les\u00a0bracelets Apple\u00a0Watch sont\u00a0disponibles dans une large\u00a0gamme de couleurs, de styles et de mat\u00e9riaux, pour changer de look selon vos\u00a0envies.<\/p><p class=\"feature-card-modal-copy-highlight typography-feature-card-modal-copy\"><strong>Des cadrans qui cadrent avec vos envies.<\/strong> Vous pouvez cr\u00e9er un\u00a0nombre infini de cadrans sur Apple\u00a0Watch, d\u2019Astronomie \u00e0\u00a0Nike en passant par Pride et\u00a0Snoopy. Personnalisez-les, choisissez vos complications, et partagez-les avec vos\u00a0proches.<\/p><p class=\"feature-card-modal-copy-highlight typography-feature-card-modal-copy\"><strong>App Store. Le monde des possibles.<\/strong> L\u2019App Store sur Apple Watch vous permet d\u2019acc\u00e9der \u00e0 des dizaines de milliers d\u2019apps directement sur votre poignet, comme Waterllama et SwingVision. Vous pouvez ainsi personnaliser votre montre en fonction de ce que vous aimez faire.<\/p><h5 class=\"typography-modal-topic-label modal-topic-label\">Par\u00e9e pour l\u2019aventure. Plus vite. Plus haut. Plus\u00a0Ultra.<\/h5><p class=\"feature-card-modal-copy-highlight typography-feature-card-modal-copy\"><strong>Des donn\u00e9es qui donnent tout.<\/strong> Avec l\u2019Apple\u00a0Watch Ultra\u00a02 et son grand\u00a0\u00e9cran, vous visualisez plus de donn\u00e9es lorsque vous donnez votre maximum. Que vous pratiquiez la course \u00e0 pied, la randonn\u00e9e, le\u00a0v\u00e9lo, la\u00a0plong\u00e9e ou l\u2019exploration, elle vous a \u00e0\u00a0l\u2019\u0153il.<\/p><p class=\"feature-card-modal-copy-highlight typography-feature-card-modal-copy\"><strong>Un nouveau tournant pour le GPS. <\/strong>L\u2019Apple\u00a0Watch Ultra\u00a02 est\u00a0\u00e9quip\u00e9e d\u2019un GPS double fr\u00e9quence haute pr\u00e9cision, qui\u00a0se distingue comme le\u00a0GPS de montre de sport le\u00a0plus pr\u00e9cis pour la course \u00e0\u00a0pied dans les environ\u00adnements urbains denses.<\/p><p class=\"feature-card-modal-copy-highlight typography-feature-card-modal-copy\"><strong>Il va y avoir de l\u2019action.<\/strong> Le\u00a0bouton Action personnalisable vous permet d\u2019activer m\u00e9canique\u00adment de nombreuses fonctions. Lancez ou interrompez rapidement un exercice, marquez un segment, placez un\u00a0rep\u00e8re dans l\u2019app Boussole ou\u00a0d\u00e9marrez une\u00a0plong\u00e9e.<\/p><p class=\"feature-card-modal-copy-highlight typography-feature-card-modal-copy\"><strong>Encore plus loin. Encore plus longtemps.<\/strong> L\u2019Apple\u00a0Watch Ultra\u00a02 offre jusqu\u2019\u00e0 36\u00a0heures d\u2019autonomie en utilisation normale et jusqu\u2019\u00e0 72\u00a0heures en mode \u00e9conomie d\u2019\u00e9nergie. C\u2019est plus que suffisant pour participer \u00e0 un marathon, \u00e0\u00a0un Ironman ou \u00e0 une randonn\u00e9e de trois\u00a0jours.<\/p><h5 class=\"typography-modal-topic-label modal-topic-label\">Configuration familiale pour Apple Watch. Bonne id\u00e9e pour les enfants qui n\u2019ont pas\u00a0d\u2019iPhone.<\/h5><p class=\"feature-card-modal-copy-highlight typography-feature-card-modal-copy\"><strong>Toute la famille, toujours en contact.<\/strong> Fun, connec\u00adtivit\u00e9, suivi d\u2019activit\u00e9\u2026 Les enfants peuvent en profiter sur Apple\u00a0Watch, sans avoir besoin d\u2019iPhone.<\/p><p class=\"feature-card-modal-copy-highlight typography-feature-card-modal-copy\"><strong>Tout le monde a son mot \u00e0 dire.<\/strong> Configurez et\u00a0g\u00e9rez les montres de vos enfants avec votre iPhone. Vos enfants pourront passer des appels et envoyer des messages avec leur propre num\u00e9ro de t\u00e9l\u00e9phone et leur propre identifiant Apple. Vous pouvez m\u00eame\u00a0approuver les\u00a0destinataires.<\/p><p class=\"feature-card-modal-copy-highlight typography-feature-card-modal-copy\"><strong>Veillez sur les personnes que vous aimez.<\/strong> Vos enfants peuvent partager leur position sur Apple\u00a0Watch pour vous permettre de recevoir des notifications \u00e0 leur arriv\u00e9e \u00e0\u00a0destination ou \u00e0 leur retour \u00e0\u00a0la\u00a0maison.<\/p><p>\u00a0<\/p>\t\t\t\t\t<\/div>\n\t\t\t\t\t\t<\/div>\n\t\t\t\t<\/div>\n\t\t\t\t\t\t<\/div>\n\t\t\t\t\t<\/div>\n\t\t<\/div>\n\t\t\t\t\t\t\t\t<\/div>\n\t\t\t\t\t<\/div>\n\t\t<\/section>\n\t\t\t\t\t\t\t\t\t<\/div>\n\t\t\t<\/div>\n\t\t\t\t\t<\/div>\n\t\t","protected":false},"excerpt":{"rendered":"<p>L\u2019essayer, c\u2019est\u00a0l\u2019adorer.<\/p>\n<p>&nbsp;<\/p>\n","protected":false},"featured_media":7534,"comment_status":"open","ping_status":"closed","template":"","meta":[],"product_cat":[528,451],"product_tag":[507,197,505,506],"class_list":{"0":"post-7517","1":"product","2":"type-product","3":"status-publish","4":"has-post-thumbnail","6":"product_cat-apple-watch-9","7":"product_cat-watch","8":"product_tag-apple","9":"product_tag-iphone","10":"product_tag-iphone-15","11":"product_tag-iphone-15-pro","12":"product_brand-apple","14":"first","15":"instock","16":"shipping-taxable","17":"purchasable","18":"product-type-variable","19":"has-default-attributes"},"_links":{"self":[{"href":"https:\/\/ispot.ma\/index.php?rest_route=\/wp\/v2\/product\/7517","targetHints":{"allow":["GET"]}}],"collection":[{"href":"https:\/\/ispot.ma\/index.php?rest_route=\/wp\/v2\/product"}],"about":[{"href":"https:\/\/ispot.ma\/index.php?rest_route=\/wp\/v2\/types\/product"}],"replies":[{"embeddable":true,"href":"https:\/\/ispot.ma\/index.php?rest_route=%2Fwp%2Fv2%2Fcomments&post=7517"}],"version-history":[{"count":5,"href":"https:\/\/ispot.ma\/index.php?rest_route=\/wp\/v2\/product\/7517\/revisions"}],"predecessor-version":[{"id":8866,"href":"https:\/\/ispot.ma\/index.php?rest_route=\/wp\/v2\/product\/7517\/revisions\/8866"}],"wp:featuredmedia":[{"embeddable":true,"href":"https:\/\/ispot.ma\/index.php?rest_route=\/wp\/v2\/media\/7534"}],"wp:attachment":[{"href":"https:\/\/ispot.ma\/index.php?rest_route=%2Fwp%2Fv2%2Fmedia&parent=7517"}],"wp:term":[{"taxonomy":"product_cat","embeddable":true,"href":"https:\/\/ispot.ma\/index.php?rest_route=%2Fwp%2Fv2%2Fproduct_cat&post=7517"},{"taxonomy":"product_tag","embeddable":true,"href":"https:\/\/ispot.ma\/index.php?rest_route=%2Fwp%2Fv2%2Fproduct_tag&post=7517"}],"curies":[{"name":"wp","href":"https:\/\/api.w.org\/{rel}","templated":true}]}}