{"id":8915,"date":"2025-04-11T16:42:38","date_gmt":"2025-04-11T16:42:38","guid":{"rendered":"https:\/\/ispot.ma\/?post_type=product&#038;p=8915"},"modified":"2025-09-22T22:42:40","modified_gmt":"2025-09-22T22:42:40","slug":"macbook-air-15-m4","status":"publish","type":"product","link":"https:\/\/ispot.ma\/?product=macbook-air-15-m4","title":{"rendered":"MacBook Air 15&Prime;"},"content":{"rendered":"<div class=\"responsive-content\">Le MacBook\u00a0Air est l\u2019ordina\u00adteur portable le plus populaire au monde. Et\u00a0ce\u00a0n\u2019est pas un hasard. Il\u00a0offre <em>jusqu\u2019\u00e0 18\u00a0heures d\u2019autonomie.<\/em> La <em>puce M4\u00a0<\/em>lui conf\u00e8re un niveau in\u00e9dit de performances pour jouer et travailler. Avec <em>Apple\u00a0Intel\u00adligence<\/em> int\u00e9gr\u00e9e, il vous aide \u00e0 en faire plus sans\u00a0effort. Et\u00a0il\u00a0est d\u00e9sor\u00admais disponible dans une lumineuse finition bleu\u00a0ciel. Parfaite\u00adment portable, le MacBook\u00a0Air donnera vie \u00e0 tous vos projets, o\u00f9 que vous\u00a0soyez.<\/div>\n<p class=\"tile-subhead typography-section-intro\"><strong>Deux formats parfaitement portables.<\/strong> Le MacBook\u00a0Air 13\u00a0pouces atteint des sommets en\u00a0mati\u00e8re de portabilit\u00e9. Et\u00a0le mod\u00e8le 15\u00a0pouces int\u00e8gre un \u00e9cran plus grand pour faire plus de\u00a0choses \u00e0 la fois.<\/p>\n<p class=\"tile-subhead typography-section-intro\"><strong>Il y a une nouvelle couleur dans l\u2019air.<\/strong> Faites votre choix entre quatre\u00a0finitions sublimes, dont le\u00a0tout nouveau bleu\u00a0ciel. Et chaque MacBook\u00a0Air s\u2019accompagne d\u2019un c\u00e2ble de charge MagSafe\u00a0assorti.<\/p>\n<h3 class=\"article-eyebrow typography-section-label word-anim-will-change\" data-component-list=\"WordAnim\" data-anchor=\".section-performance\" data-reverse=\"true\" data-start=\"a0t-85vh\" data-anim-type=\"slide\" data-y=\"-4px\" data-duration=\"0.5\" data-ease=\"0.1\" data-ease-function=\"easeOutQuad\">Performances et Autonomie<\/h3>\n<p class=\"article-headline typography-section-headline gradient-text-blue word-anim-will-change\" data-component-list=\"WordAnim\" data-anchor=\".section-performance\" data-reverse=\"true\" data-start=\"a0t-85vh\" data-anim-type=\"slide\" data-y=\"10px\" data-ease=\"0.1\" data-duration=\"0.4\" data-ease-function=\"easeOutQuad\">M4. Puce vitesse ++++.<\/p>\n<p><em>Faites plusieurs choses en m\u00eame temps. En moins de temps.<\/em> Le\u00a0MacBook\u00a0Air avec puce\u00a0M4 vous offre encore plus de rapidit\u00e9 et de fluidit\u00e9 pour toutes vos activit\u00e9s. Travaillez dans de\u00a0multiples apps et onglets, montez des vid\u00e9os ou jouez \u00e0 des jeux comme Sid Meier\u2019s Civilization\u00ae\u00a0VII. Et\u00a0gr\u00e2ce \u00e0 son design sans ventilateur, il\u00a0reste silencieux.<\/p>\n<p><em>Neural\u00a0Engine. Le propulseur d\u2019IA.<\/em> Exploitant le Neural\u00a0Engine plus rapide de la puce\u00a0M4, le\u00a0MacBook\u00a0Air offre des capacit\u00e9s d\u2019IA encore plus puissantes pour vous donner un coup de\u00a0pouce dans tout ce que vous faites. Du\u00a0cadrage centr\u00e9 automatique de\u00a0la cam\u00e9ra, \u00e0\u00a0l\u2019upscaling d\u2019image par\u00a0IA ou l\u2019ex\u00e9cution de tr\u00e8s grands mod\u00e8les de langage, il\u00a0booste comme jamais la producti\u00advit\u00e9 et la\u00a0cr\u00e9ativit\u00e9.<\/p>\n<p><em>Auto\u00adnomie astronomique.<\/em> Le\u00a0MacBook\u00a0Air offre jusqu\u2019\u00e0 18\u00a0heures d\u2019autonomie. Et\u00a0il\u00a0est com\u00adpatible avec la charge rapide, qui permet d\u2019atteindre jusqu\u2019\u00e0 50\u00a0% en 30\u00a0minutes seule\u00adment. Vous pouvez donc travailler en toute tranquillit\u00e9, sans vous soucier de\u00a0la\u00a0batterie.<\/p>\n<div class=\"article-header\">\n<h3 class=\"article-headline typography-section-headline word-anim-will-change\" data-component-list=\"WordAnim\" data-anchor=\".section-apple-intelligence\" data-reverse=\"true\" data-start=\"a0t-85vh\" data-anim-type=\"slide\" data-y=\"10px\" data-ease=\"0.1\" data-duration=\"0.4\" data-ease-function=\"easeOutQuad\"><strong>Apple\u00a0Intel\u00adligence<\/strong> : Plus d\u2019effets. Moins d\u2019efforts.<\/h3>\n<\/div>\n<div class=\"article-copy typography-section-intro-elevated large-11 medium-9 small-12 large-centered\">\n<p>Apple\u00a0Intel\u00adligence est le syst\u00e8me d\u2019intelligence personnelle qui vous aide \u00e0 \u00e9crire, \u00e0\u00a0vous exprimer et\u00a0\u00e0\u00a0en faire plus sans\u00a0effort. Gr\u00e2ce \u00e0 des technolo\u00adgies r\u00e9volution\u00adnaires de protection de\u00a0la\u00a0vie priv\u00e9e, vous avez la\u00a0garantie que personne ne\u00a0peut acc\u00e9der \u00e0\u00a0vos\u00a0donn\u00e9es, pas\u00a0m\u00eame\u00a0Apple.<\/p>\n<\/div>\n<h3 class=\"typography-section-headline-reduced large-6 large-centered small-12 small-uncentered\">De grands pouvoirs impliquent une\u00a0grande <strong>confidentialit\u00e9.<\/strong><\/h3>\n<p>Apple\u00a0Intel\u00adligence est con\u00e7ue pour prot\u00e9\u00adger votre vie priv\u00e9e \u00e0\u00a0chaque \u00e9tape. Int\u00e9gr\u00e9e au\u00a0c\u0153ur de votre Mac, elle\u00a0utilise le traite\u00adment embarqu\u00e9 pour\u00a0tenir compte de vos infor\u00admations person\u00adnelles sans jamais les collecter.<\/p>\n<p>Et gr\u00e2ce aux avan\u00adc\u00e9es de Private Cloud Compute, Apple\u00a0Intel\u00adligence peut traiter des demandes plus complexes en exploitant des mod\u00e8les plus larges, bas\u00e9s sur serveurs et\u00a0ex\u00e9cut\u00e9s sur des puces Apple, tout en\u00a0prot\u00e9geant votre vie priv\u00e9e.<\/p>\n<h3 class=\"article-eyebrow typography-section-label word-anim-will-change\" data-component-list=\"WordAnim\" data-anchor=\".section-mac-plus-iphone\" data-reverse=\"true\" data-start=\"a0t-85vh\" data-anim-type=\"slide\" data-y=\"-4px\" data-duration=\"0.5\" data-ease=\"0.1\" data-ease-function=\"easeOutQuad\">MAC + IPHONE : L\u2019esprit d\u2019\u00e9quipe.<\/h3>\n<p><em>Si vous aimez l\u2019iPhone, vous allez adorer le Mac.<\/em> Le\u00a0Mac est con\u00e7u pour \u00eatre aussi facile \u00e0\u00a0ma\u00eetriser que l\u2019iPhone. Vous pouvez les utiliser ensem\u00adble pour copier-coller du texte de votre iPhone vers votre Mac ou\u00a0re\u00adtrouver un appa\u00adreil avec\u00a0Localiser. Le\u00a0Mac et l\u2019iPhone s\u2019entendent \u00e0 merveille.<\/p>\n<h3 class=\"article-eyebrow typography-section-label word-anim-will-change\" data-component-list=\"WordAnim\" data-anchor=\".section-macos\" data-reverse=\"true\" data-start=\"a0t-85vh\" data-anim-type=\"slide\" data-y=\"-4px\" data-duration=\"0.5\" data-ease=\"0.1\" data-ease-function=\"easeOutQuad\">MACOS : Toutes vos apps d\u00e9collent.<\/h3>\n<p data-component-list=\"WordAnim\" data-anchor=\".section-macos\" data-reverse=\"true\" data-start=\"a0t-85vh\" data-anim-type=\"slide\" data-y=\"10px\" data-ease=\"0.1\" data-duration=\"0.4\" data-ease-function=\"easeOutQuad\">Parmi des dizaines de milliers d\u2019apps optimi\u00ads\u00e9es pour les puces\u00a0Apple, <em>toutes vos pr\u00e9f\u00e9r\u00e9es s\u2019ex\u00e9cutent \u00e0 vitesse grand\u00a0V dans macOS,<\/em> y\u00a0compris Microsoft\u00a0365 Copilot, Adobe Creative\u00a0Cloud et Google\u00a0Workspace avec\u00a0Gemini. Et gr\u00e2ce \u00e0 des mises \u00e0 jour r\u00e9guli\u00e8res et\u00a0gratuites de macOS, tout est toujours parfaitement fluide.<\/p>\n<h3 class=\"article-eyebrow typography-section-label word-anim-will-change\" data-component-list=\"WordAnim\" data-anchor=\".section-display\" data-reverse=\"true\" data-start=\"a0t-85vh\" data-anim-type=\"slide\" data-y=\"-4px\" data-duration=\"0.5\" data-ease=\"0.1\" data-ease-function=\"easeOutQuad\"><strong>\u00c9CRAN : Magnifique \u00e0 tous points de\u00a0vue.<\/strong><\/h3>\n<p data-component-list=\"WordAnim\" data-anchor=\".section-display\" data-reverse=\"true\" data-start=\"a0t-85vh\" data-anim-type=\"slide\" data-y=\"10px\" data-ease=\"0.1\" data-duration=\"0.4\" data-ease-function=\"easeOutQuad\">L\u2019<em>\u00e9cran Liquid\u00a0Retina<\/em> du MacBook\u00a0Air prend en charge <em>un\u00a0milliard de couleurs<\/em> et offre jusqu\u2019\u00e0 <em>deux\u00a0fois la r\u00e9so\u00adlution<\/em> de PC\u00a0portables comparables. Les photos et les vid\u00e9os ressortent gr\u00e2ce \u00e0 un contraste marqu\u00e9 et \u00e0 des d\u00e9tails impeccables, tandis que le texte est parfaitement\u00a0net.<\/p>\n<h3 class=\"article-eyebrow typography-section-label word-anim-will-change\" data-component-list=\"WordAnim\" data-anchor=\".section-camera-audio\" data-reverse=\"true\" data-start=\"a0t-85vh\" data-anim-type=\"slide\" data-y=\"-4px\" data-duration=\"0.5\" data-ease=\"0.1\" data-ease-function=\"easeOutQuad\">CAM\u00c9RA ET AUDIO : Toujours dans le\u00a0cadre.<\/h3>\n<p data-component-list=\"WordAnim\" data-anchor=\".section-camera-audio\" data-reverse=\"true\" data-start=\"a0t-85vh\" data-anim-type=\"slide\" data-y=\"10px\" data-ease=\"0.1\" data-duration=\"0.4\" data-ease-function=\"easeOutQuad\">Ensemble de trois micros. Le MacBook Air am\u00e9liore la clart\u00e9 de la voix lors des appels audio et vid\u00e9o, tout en r\u00e9duisant les bruits de fond.<\/p>\n<div class=\"grid-item grid-item-sound-system\">\n<picture id=\"overview-camera-audio-boc-icon-sound-2\" class=\"overview-camera-audio-boc-icon-sound camera-audio-icon loaded\" aria-hidden=\"true\" data-picture-loaded=\"\"><source srcset=\"\/v\/macbook-air\/t\/images\/overview\/camera-audio\/boc_icon_sound__bxb1262ggcuq_small.png, \/v\/macbook-air\/t\/images\/overview\/camera-audio\/boc_icon_sound__bxb1262ggcuq_small_2x.png 2x\" media=\"(max-width:734px)\" \/><source srcset=\"\/v\/macbook-air\/t\/images\/overview\/camera-audio\/boc_icon_sound__bxb1262ggcuq_medium.png, \/v\/macbook-air\/t\/images\/overview\/camera-audio\/boc_icon_sound__bxb1262ggcuq_medium_2x.png 2x\" media=\"(max-width:1068px)\" \/><source srcset=\"\/v\/macbook-air\/t\/images\/overview\/camera-audio\/boc_icon_sound__bxb1262ggcuq_large.png, \/v\/macbook-air\/t\/images\/overview\/camera-audio\/boc_icon_sound__bxb1262ggcuq_large_2x.png 2x\" media=\"(min-width:0px)\" \/><img decoding=\"async\" src=\"https:\/\/www.apple.com\/v\/macbook-air\/t\/images\/overview\/camera-audio\/boc_icon_sound__bxb1262ggcuq_large.png\" alt=\"\" \/>Syst\u00e8me sonore immersif. Les\u00a0haut-parleurs du MacBook\u00a0Air prennent en charge l\u2019Audio\u00a0spatial avec Dolby\u00a0Atmos, ce qui vous permet de profiter d\u2019une sc\u00e8ne sonore tri\u00addimensionnelle pour la\u00a0musique et le cin\u00e9ma.<\/picture>\n<h3 class=\"article-eyebrow typography-section-label word-anim-will-change\" data-component-list=\"WordAnim\" data-anchor=\".section-connectivity\" data-reverse=\"true\" data-start=\"a0t-85vh\" data-anim-type=\"slide\" data-y=\"-4px\" data-duration=\"0.5\" data-ease=\"0.1\" data-ease-function=\"easeOutQuad\">PORTS ET CONNECTIVIT\u00c9 : Faites jouer vos connexions.<\/h3>\n<\/div>\n<p data-component-list=\"WordAnim\" data-anchor=\".section-connectivity\" data-reverse=\"true\" data-start=\"a0t-85vh\" data-anim-type=\"slide\" data-y=\"10px\" data-ease=\"0.1\" data-duration=\"0.4\" data-ease-function=\"easeOutQuad\">Le <em>c\u00e2ble de charge MagSafe<\/em> se fixe et se d\u00e9tache gr\u00e2ce \u00e0 ses aimants\u00a0\u2013 un moyen efficace d\u2019\u00e9viter tout vol plan\u00e9. Les deux <em>ports Thunderbolt\u00a04<\/em> vous permet\u00adtent de raccorder des accessoires haut d\u00e9bit et\u00a0de charger votre Mac, tandis que la prise casque prend en charge les \u00e9couteurs et casques \u00e0\u00a0haute imp\u00e9dance. Et\u00a0le Wi\u2011Fi\u00a06E offre un d\u00e9bit jusqu\u2019\u00e0 2x plus rapide que le Wi\u2011Fi\u00a06.<\/p>\n<h3 class=\"article-eyebrow typography-section-label word-anim-will-change\" data-component-list=\"WordAnim\" data-anchor=\".section-security\" data-reverse=\"true\" data-start=\"a0t-85vh\" data-anim-type=\"slide\" data-y=\"-4px\" data-duration=\"0.5\" data-ease=\"0.1\" data-ease-function=\"easeOutQuad\">S\u00c9CURIT\u00c9 : En de bonnes mains.<\/h3>\n<p data-component-list=\"WordAnim\" data-anchor=\".section-security\" data-reverse=\"true\" data-start=\"a0t-85vh\" data-anim-type=\"slide\" data-y=\"10px\" data-ease=\"0.1\" data-duration=\"0.4\" data-ease-function=\"easeOutQuad\">Le Magic\u00a0Keyboard r\u00e9tro\u00e9clair\u00e9 est dot\u00e9 d\u2019une rang\u00e9e de touches de fonction grand format et de <em>Touch\u00a0ID, qui vous offre un moyen rapide, facile et s\u00e9curis\u00e9<\/em> pour d\u00e9\u00adverrouiller votre Mac, vous connec\u00adter \u00e0 vos comptes et\u00a0autoriser le paiement de vos achats, du bout du\u00a0doigt.<\/p>\n","protected":false},"excerpt":{"rendered":"<h3>Pens\u00e9 pour aller loin.<\/h3>\n<p><em>Incroyable\u00adment l\u00e9ger et mesurant \u00e0 peine plus d\u2019un centim\u00e8tre,<\/em> le\u00a0MacBook\u00a0Air trouve facile\u00adment sa place dans votre vie nomade, comme dans votre\u00a0sac. Dot\u00e9 d\u2019un bo\u00eetier r\u00e9sis\u00adtant en alu\u00adminium recycl\u00e9, le MacBook\u00a0Air avec puce\u00a0M4 est compos\u00e9 \u00e0 plus de 50\u00a0% de mat\u00e9riaux recy\u00adcl\u00e9s.<\/p>\n","protected":false},"featured_media":7509,"comment_status":"open","ping_status":"closed","template":"","meta":[],"product_cat":[449,515],"product_tag":[],"class_list":{"0":"post-8915","1":"product","2":"type-product","3":"status-publish","4":"has-post-thumbnail","6":"product_cat-mac","7":"product_cat-macbook-air","9":"first","10":"instock","11":"shipping-taxable","12":"purchasable","13":"product-type-variable"},"_links":{"self":[{"href":"https:\/\/ispot.ma\/index.php?rest_route=\/wp\/v2\/product\/8915","targetHints":{"allow":["GET"]}}],"collection":[{"href":"https:\/\/ispot.ma\/index.php?rest_route=\/wp\/v2\/product"}],"about":[{"href":"https:\/\/ispot.ma\/index.php?rest_route=\/wp\/v2\/types\/product"}],"replies":[{"embeddable":true,"href":"https:\/\/ispot.ma\/index.php?rest_route=%2Fwp%2Fv2%2Fcomments&post=8915"}],"version-history":[{"count":2,"href":"https:\/\/ispot.ma\/index.php?rest_route=\/wp\/v2\/product\/8915\/revisions"}],"predecessor-version":[{"id":8949,"href":"https:\/\/ispot.ma\/index.php?rest_route=\/wp\/v2\/product\/8915\/revisions\/8949"}],"wp:featuredmedia":[{"embeddable":true,"href":"https:\/\/ispot.ma\/index.php?rest_route=\/wp\/v2\/media\/7509"}],"wp:attachment":[{"href":"https:\/\/ispot.ma\/index.php?rest_route=%2Fwp%2Fv2%2Fmedia&parent=8915"}],"wp:term":[{"taxonomy":"product_cat","embeddable":true,"href":"https:\/\/ispot.ma\/index.php?rest_route=%2Fwp%2Fv2%2Fproduct_cat&post=8915"},{"taxonomy":"product_tag","embeddable":true,"href":"https:\/\/ispot.ma\/index.php?rest_route=%2Fwp%2Fv2%2Fproduct_tag&post=8915"}],"curies":[{"name":"wp","href":"https:\/\/api.w.org\/{rel}","templated":true}]}}