{"id":9091,"date":"2025-05-07T11:46:12","date_gmt":"2025-05-07T11:46:12","guid":{"rendered":"https:\/\/ispot.ma\/?post_type=product&#038;p=9091"},"modified":"2025-09-22T22:35:44","modified_gmt":"2025-09-22T22:35:44","slug":"airpods-max","status":"publish","type":"product","link":"https:\/\/ispot.ma\/?product=airpods-max","title":{"rendered":"AirPods Max"},"content":{"rendered":"\t\t<div data-elementor-type=\"wp-post\" data-elementor-id=\"9091\" class=\"elementor elementor-9091\">\n\t\t\t\t\t\t<div class=\"elementor-inner\">\n\t\t\t\t<div class=\"elementor-section-wrap\">\n\t\t\t\t\t\t\t\t\t<section class=\"elementor-section elementor-top-section elementor-element elementor-element-6afc04b5 elementor-section-boxed elementor-section-height-default elementor-section-height-default none\" data-id=\"6afc04b5\" data-element_type=\"section\">\n\t\t\t\t\t\t<div class=\"elementor-container elementor-column-gap-default\">\n\t\t\t\t\t\t\t<div class=\"elementor-row\">\n\t\t\t\t\t<div class=\"elementor-column elementor-col-100 elementor-top-column elementor-element elementor-element-51fda2d7 none\" data-id=\"51fda2d7\" data-element_type=\"column\">\n\t\t\t<div class=\"elementor-column-wrap elementor-element-populated\">\n\t\t\t\t\t\t\t<div class=\"elementor-widget-wrap\">\n\t\t\t\t\t\t<div class=\"elementor-element elementor-element-58b21b9c none elementor-widget elementor-widget-text-editor\" data-id=\"58b21b9c\" data-element_type=\"widget\" data-widget_type=\"text-editor.default\">\n\t\t\t\t<div class=\"elementor-widget-container\">\n\t\t\t\t\t\t\t\t<div class=\"elementor-text-editor elementor-clearfix\">\n\t\t\t\t<h3>Les nuances montent en gamme.<\/h3>\n<p><span style=\"font-family: 'Helvetica Neue'; letter-spacing: 0.1pt;\">Les AirPods&nbsp;Max livrent un&nbsp;son haute-fid\u00e9lit\u00e9 remarquablement d\u00e9taill\u00e9, pour&nbsp;une exp\u00e9rience d\u2019\u00e9coute in\u00e9gal\u00e9e. Chaque composant de leur transducteur exclusif \u0153uvre pour produire un&nbsp;son avec une&nbsp;distorsion minimale sur l\u2019ensemble du spectre audible. Vous entendez chaque note avec&nbsp;une sensation de&nbsp;clart\u00e9&nbsp;in\u00e9dite.<\/span><\/p>\n<div data-component-list=\"StaggeredFadeIn\">\n<div data-staggered-item=\"\">\n<div>\n<h4>L\u2019Audio spatial personnalis\u00e9<\/h4>\n<p>avec suivi dynamique des mouvements de la t\u00eate diffuse un son qui vous enveloppe comme au cin\u00e9ma pour mieux profiter de vos films, s\u00e9ries TV et jeux. Gr\u00e2ce aux gyroscopes et acc\u00e9l\u00e9ro\u00adm\u00e8tres int\u00e9gr\u00e9s, les AirPods Max et votre iPhone, iPad, Mac ou Apple TV d\u00e9tectent le moindre mouvement de votre t\u00eate et ancrent le son \u00e0 votre appareil.<\/p>\n<\/div>\n<\/div>\n<div data-staggered-item=\"\">\n<div>\n<h4>L\u2019\u00e9galisation adaptative<\/h4>\n<p>mod\u00e8le le son selon l\u2019ajustement des coussinets autour de vos oreilles. Les micros orient\u00e9s vers l\u2019int\u00e9rieur mesurent ce que vous \u00eates en train d\u2019\u00e9couter, puis modulent les fr\u00e9quences de votre musique pour livrer un son riche et r\u00e9gulier, fid\u00e8le \u00e0 chaque note.<\/p>\n<\/div>\n<\/div>\n<div data-staggered-item=\"\">\n<div>\n<h4>Le format audio Lossless<\/h4>\n<p>pr\u00e9serve les moindres d\u00e9tails des enregistrements originaux, que vous regardiez un film ou \u00e9coutiez un son cr\u00e9\u00e9 dans des apps comme Logic&nbsp;Pro ou Garage&nbsp;Band. Il&nbsp;vous suffit de connecter vos AirPods&nbsp;Max via USB\u2010C pour activer l\u2019audio Lossless. Vous profitez \u00e9galement d\u2019une latence ultra\u2011faible comparable \u00e0 celle des haut-parleurs int\u00e9gr\u00e9s du Mac, de l\u2019iPad et de l\u2019iPhone.<\/p>\n<\/div>\n<\/div>\n<\/div>\n<div>\n<div data-aap-type=\"base-button\" data-aap-level=\"1\" data-aap-kf=\"{&quot;start&quot;: &quot;a0t - 75vh&quot;, &quot;end&quot;: &quot;a1t - 100vh&quot;, &quot;anchors&quot;: [&quot;.subsection-hifi-sound&quot;, &quot;.subsection-anc&quot;]}\" data-aap-name=\"all-access-pass\" data-aap-enabled=\"true\" data-component-list=\" BaseButton\">\n<div>&nbsp;<\/div>\n<\/div>\n<\/div>\n<h3>Un son inou\u00ef.<\/h3>\n<h4>R\u00e9duction active du&nbsp;bruit de&nbsp;niveau&nbsp;pro.<\/h4>\n<p>Jusqu\u2019\u00e0 2x&nbsp;plus performante, la R\u00e9duction active du&nbsp;bruit de niveau&nbsp;pro neutralise les bruits ext\u00e9rieurs avec un antibruit \u00e9quivalent. Et&nbsp;comme vous contr\u00f4lez ce que vous entendez ou&nbsp;non, vous pouvez vous immerger comme jamais dans votre musique et vos podcasts, ou&nbsp;simplement vous concentrer encore&nbsp;mieux.<\/p>\n<h4>Mode Transparence.<\/h4>\n<p>Appuyez sur&nbsp;le&nbsp;bouton de contr\u00f4le du bruit pour activer le mode Transparence, qui laisse passer les&nbsp;bruits ext\u00e9rieurs pour vous&nbsp;permettre d\u2019interagir naturel\u00adlement avec le&nbsp;monde qui&nbsp;vous entoure.<\/p><div><div data-aap-type=\"base-button\" data-aap-level=\"1\" data-aap-kf=\"{&quot;start&quot;: &quot;a0t - 75vh&quot;, &quot;end&quot;: &quot;a1t - 100vh&quot;, &quot;anchors&quot;: [&quot;.subsection-hifi-sound&quot;, &quot;.subsection-anc&quot;]}\" data-aap-name=\"all-access-pass\" data-aap-enabled=\"true\" data-component-list=\" BaseButton\"><div>&nbsp;<\/div><\/div><\/div><h3>Un design tout&nbsp;en&nbsp;harmonie.<\/h3>\n<p>Des coussinets jusqu\u2019au sommet de l\u2019arceau, les&nbsp;AirPods&nbsp;Max sont&nbsp;con\u00e7us pour offrir un confort in\u00e9gal\u00e9 et s\u2019ajuster parfaitement sur toutes les formes de t\u00eate de&nbsp;fa\u00e7on \u00e0 cr\u00e9er une isolation acoustique optimale. De&nbsp;quoi&nbsp;vous immerger pleinement dans&nbsp;le&nbsp;son.<\/p><div class=\"all-access-pass__container\"><div id=\"aap-product-stories-hifi-sound\" class=\"all-access-pass theme-dark\" data-aap-type=\"base-button\" data-aap-level=\"1\" data-aap-kf=\"{&quot;start&quot;: &quot;a0t - 75vh&quot;, &quot;end&quot;: &quot;a1t - 100vh&quot;, &quot;anchors&quot;: [&quot;.subsection-hifi-sound&quot;, &quot;.subsection-anc&quot;]}\" data-aap-name=\"all-access-pass\" data-aap-enabled=\"true\" data-component-list=\" BaseButton\"><div class=\"all-access-pass__background\">&nbsp;<\/div><\/div><\/div><h3>Des heures d\u2019\u00e9coute. En un clin d\u2019\u0153il.<\/h3>\n<p>Basculement automatique et d\u00e9tection de l\u2019utilisation. Si vous \u00e9coutez de la&nbsp;musique sur votre Mac et prenez un&nbsp;appel sur votre iPhone, vos AirPods&nbsp;Max passent tout&nbsp;seuls de l\u2019un \u00e0&nbsp;l\u2019autre. Et&nbsp;ils se mettent en&nbsp;pause lorsque vous les retirez, et&nbsp;reprennent la lecture lorsque vous les remettez.<\/p>\n<p>Partage audio. En les connectant d\u2019un&nbsp;geste, vous pouvez facilement partager ce que vous \u00e9coutez sur votre iPhone, iPad, Mac ou Apple&nbsp;TV entre deux&nbsp;paires d\u2019AirPods.<\/p>\n<p>Siri toujours activ\u00e9. Gr\u00e2ce \u00e0 l\u2019Annonce des notifications, Siri peut automati\u00adquement lire les notifications importantes des apps Messages, T\u00e9l\u00e9phone, Calendrier, Rappels et bien&nbsp;plus, \u00e0&nbsp;mesure qu\u2019elles arrivent.<\/p>\n<p>Recharge via USB-C. Le nouveau connecteur USB\u2011C vous permet de&nbsp;recharger vos AirPods&nbsp;Max en utilisant le c\u00e2ble de votre iPhone, iPad, Mac ou&nbsp;autre appareil Apple.<\/p>\n<p>Autonomie. Jusqu\u2019\u00e0 20&nbsp;heures d\u2019\u00e9coute, de visionnage de films ou de&nbsp;conversation avec la R\u00e9duction active du bruit de niveau&nbsp;pro et l\u2019Audio&nbsp;spatial activ\u00e9s. Une charge rapide de 5&nbsp;minutes vous offre environ 1,5&nbsp;heure d\u2019\u00e9coute.<\/p>\t\t\t\t\t<\/div>\n\t\t\t\t\t\t<\/div>\n\t\t\t\t<\/div>\n\t\t\t\t\t\t<\/div>\n\t\t\t\t\t<\/div>\n\t\t<\/div>\n\t\t\t\t\t\t\t\t<\/div>\n\t\t\t\t\t<\/div>\n\t\t<\/section>\n\t\t\t\t\t\t\t\t\t<\/div>\n\t\t\t<\/div>\n\t\t\t\t\t<\/div>\n\t\t","protected":false},"excerpt":{"rendered":"<p class=\"hero-copy typography-feature-headline\">AirPods Max &#8211; Super. Synphonique.<\/p>\n","protected":false},"featured_media":9114,"comment_status":"open","ping_status":"closed","template":"","meta":[],"product_cat":[452,625,626,627],"product_tag":[],"class_list":{"0":"post-9091","1":"product","2":"type-product","3":"status-publish","4":"has-post-thumbnail","6":"product_cat-airpods","7":"product_cat-airpods-4","8":"product_cat-airpods-max","9":"product_cat-airpods-pro","11":"first","12":"instock","13":"shipping-taxable","14":"purchasable","15":"product-type-variable"},"_links":{"self":[{"href":"https:\/\/ispot.ma\/index.php?rest_route=\/wp\/v2\/product\/9091","targetHints":{"allow":["GET"]}}],"collection":[{"href":"https:\/\/ispot.ma\/index.php?rest_route=\/wp\/v2\/product"}],"about":[{"href":"https:\/\/ispot.ma\/index.php?rest_route=\/wp\/v2\/types\/product"}],"replies":[{"embeddable":true,"href":"https:\/\/ispot.ma\/index.php?rest_route=%2Fwp%2Fv2%2Fcomments&post=9091"}],"version-history":[{"count":19,"href":"https:\/\/ispot.ma\/index.php?rest_route=\/wp\/v2\/product\/9091\/revisions"}],"predecessor-version":[{"id":9112,"href":"https:\/\/ispot.ma\/index.php?rest_route=\/wp\/v2\/product\/9091\/revisions\/9112"}],"wp:featuredmedia":[{"embeddable":true,"href":"https:\/\/ispot.ma\/index.php?rest_route=\/wp\/v2\/media\/9114"}],"wp:attachment":[{"href":"https:\/\/ispot.ma\/index.php?rest_route=%2Fwp%2Fv2%2Fmedia&parent=9091"}],"wp:term":[{"taxonomy":"product_cat","embeddable":true,"href":"https:\/\/ispot.ma\/index.php?rest_route=%2Fwp%2Fv2%2Fproduct_cat&post=9091"},{"taxonomy":"product_tag","embeddable":true,"href":"https:\/\/ispot.ma\/index.php?rest_route=%2Fwp%2Fv2%2Fproduct_tag&post=9091"}],"curies":[{"name":"wp","href":"https:\/\/api.w.org\/{rel}","templated":true}]}}