{"id":9221,"date":"2025-10-17T09:15:15","date_gmt":"2025-10-17T09:15:15","guid":{"rendered":"https:\/\/ispot.ma\/?post_type=product&#038;p=9221"},"modified":"2025-10-17T17:45:29","modified_gmt":"2025-10-17T17:45:29","slug":"airpods-pro-3","status":"publish","type":"product","link":"https:\/\/ispot.ma\/?product=airpods-pro-3","title":{"rendered":"AirPods Pro 3"},"content":{"rendered":"<h4 class=\"header-headline typography-marquee-headline-base\">La meilleure R\u00e9duction active du bruit intra-auriculaire au\u00a0monde.<\/h4>\n<p>D\u00e9\u00adcouvrez\u00a0<strong>la meilleure R\u00e9duction active du\u00a0bruit intra-auriculaire au\u00a0monde<\/strong>\u00a0et\u00a0profitez de l\u2019exp\u00e9\u00adrience d\u2019\u00e9coute la plus immersive qui soit. Con\u00e7us pour offrir une\u00a0meilleure isolation acoustique, les AirPods\u00a0Pro\u00a03 s\u2019ajustent automatiquement \u00e0\u00a0votre environ\u00adnement et \u00e0\u00a0vos\u00a0pr\u00e9f\u00e9rences. Et\u00a0les\u00a0nouveaux micros \u00e0 tr\u00e8s\u00a0faible bruit suppriment encore plus de bruit parasite. Vous n\u2019entendez que ce\u00a0que vous voulez entendre, dans une qualit\u00e9 audio in\u00e9dite.<\/p>\n","protected":false},"excerpt":{"rendered":"<ul>\n<li class=\"card-caption-content typography-caption-tile\"><strong>Nouveaux micros \u00e0 tr\u00e8s faible bruit : L<\/strong>es AirPods Pro 3 utilisent le traite\u00adment audio infor\u00admatique avanc\u00e9 pour neutraliser davantage de bruit ambiant et vous aider \u00e0 vous concentrer (ou \u00e0 vous d\u00e9tendre) quand vous en avez besoin. Et les cinq nouveaux embouts auriculaires \u2013 y compris un format XXS \u2013 int\u00e8grent dans leur coque en silicone une fine couche de mousse qui assure une meilleure perfor\u00admance acoustique.<\/li>\n<li class=\"card-caption-content typography-caption-tile\">\n<p class=\"card-caption-heading typography-caption-tile\"><strong>Isolement de la voix : <\/strong>Les AirPods Pro 3 r\u00e9duisent le bruit de fond et isolent les voix durant les appels. Chaque conversation est ainsi parfaitement audible, que vous soyez dans le bus ou au caf\u00e9.<\/p>\n<\/li>\n<li class=\"card-caption-content typography-caption-tile\">\n<p class=\"card-caption-heading typography-caption-tile\"><strong>Audio adaptatif : <\/strong>Les AirPods Pro 3 combinent R\u00e9duction active du bruit in\u00e9gal\u00e9e et mode Transparence de niveau sup\u00e9rieur. Le rendu de votre voix et de ce qui vous entoure est plus clair et naturel. Le son s\u2019adapte intelli\u00adgemment \u00e0 votre environ\u00adnement et met en avant ce que vous avez besoin d\u2019entendre, quand vous avez besoin de l\u2019entendre.<\/p>\n<\/li>\n<li class=\"card-caption-content typography-caption-tile\">\n<p class=\"card-caption-heading typography-caption-tile\"><strong>D\u00e9tection des conversations : <\/strong>Les AirPods Pro 3 d\u00e9tectent quand vous parlez \u00e0 une personne \u00e0 c\u00f4t\u00e9 de vous et baissent automatiquement le volume de ce que vous \u00eates en train d\u2019\u00e9couter. Une fois que vous avez fini de parler, le volume d\u2019origine est r\u00e9tabli.<\/p>\n<\/li>\n<\/ul>\n","protected":false},"featured_media":9359,"comment_status":"open","ping_status":"closed","template":"","meta":[],"product_cat":[452,627],"product_tag":[631,632,633],"class_list":{"0":"post-9221","1":"product","2":"type-product","3":"status-publish","4":"has-post-thumbnail","6":"product_cat-airpods","7":"product_cat-airpods-pro","8":"product_tag-airpods","9":"product_tag-airpods-pro","10":"product_tag-airpods-pro-3","12":"first","13":"instock","14":"shipping-taxable","15":"purchasable","16":"product-type-simple"},"_links":{"self":[{"href":"https:\/\/ispot.ma\/index.php?rest_route=\/wp\/v2\/product\/9221","targetHints":{"allow":["GET"]}}],"collection":[{"href":"https:\/\/ispot.ma\/index.php?rest_route=\/wp\/v2\/product"}],"about":[{"href":"https:\/\/ispot.ma\/index.php?rest_route=\/wp\/v2\/types\/product"}],"replies":[{"embeddable":true,"href":"https:\/\/ispot.ma\/index.php?rest_route=%2Fwp%2Fv2%2Fcomments&post=9221"}],"version-history":[{"count":2,"href":"https:\/\/ispot.ma\/index.php?rest_route=\/wp\/v2\/product\/9221\/revisions"}],"predecessor-version":[{"id":9352,"href":"https:\/\/ispot.ma\/index.php?rest_route=\/wp\/v2\/product\/9221\/revisions\/9352"}],"wp:featuredmedia":[{"embeddable":true,"href":"https:\/\/ispot.ma\/index.php?rest_route=\/wp\/v2\/media\/9359"}],"wp:attachment":[{"href":"https:\/\/ispot.ma\/index.php?rest_route=%2Fwp%2Fv2%2Fmedia&parent=9221"}],"wp:term":[{"taxonomy":"product_cat","embeddable":true,"href":"https:\/\/ispot.ma\/index.php?rest_route=%2Fwp%2Fv2%2Fproduct_cat&post=9221"},{"taxonomy":"product_tag","embeddable":true,"href":"https:\/\/ispot.ma\/index.php?rest_route=%2Fwp%2Fv2%2Fproduct_tag&post=9221"}],"curies":[{"name":"wp","href":"https:\/\/api.w.org\/{rel}","templated":true}]}}