{"id":9224,"date":"2025-10-17T09:23:32","date_gmt":"2025-10-17T09:23:32","guid":{"rendered":"https:\/\/ispot.ma\/?post_type=product&#038;p=9224"},"modified":"2026-01-22T09:26:57","modified_gmt":"2026-01-22T09:26:57","slug":"iphone-17","status":"publish","type":"product","link":"https:\/\/ispot.ma\/?product=iphone-17","title":{"rendered":"iPhone 17"},"content":{"rendered":"\t\t<div data-elementor-type=\"wp-post\" data-elementor-id=\"9224\" class=\"elementor elementor-9224\">\n\t\t\t\t\t\t<div class=\"elementor-inner\">\n\t\t\t\t<div class=\"elementor-section-wrap\">\n\t\t\t\t\t\t\t\t\t<section class=\"elementor-section elementor-top-section elementor-element elementor-element-a9959aa elementor-section-boxed elementor-section-height-default elementor-section-height-default none\" data-id=\"a9959aa\" data-element_type=\"section\">\n\t\t\t\t\t\t<div class=\"elementor-container elementor-column-gap-default\">\n\t\t\t\t\t\t\t<div class=\"elementor-row\">\n\t\t\t\t\t<div class=\"elementor-column elementor-col-100 elementor-top-column elementor-element elementor-element-20a3767f none\" data-id=\"20a3767f\" data-element_type=\"column\">\n\t\t\t<div class=\"elementor-column-wrap elementor-element-populated\">\n\t\t\t\t\t\t\t<div class=\"elementor-widget-wrap\">\n\t\t\t\t\t\t<div class=\"elementor-element elementor-element-3f3413b6 none elementor-widget elementor-widget-text-editor\" data-id=\"3f3413b6\" data-element_type=\"widget\" data-widget_type=\"text-editor.default\">\n\t\t\t\t<div class=\"elementor-widget-container\">\n\t\t\t\t\t\t\t\t<div class=\"elementor-text-editor elementor-clearfix\">\n\t\t\t\t<h5 data-start=\"554\" data-end=\"603\"><strong data-start=\"556\" data-end=\"601\">Puce A19 \u2013 Rapidit\u00e9 et efficacit\u00e9 r\u00e9unies<\/strong><\/h5><p data-start=\"605\" data-end=\"907\">Propuls\u00e9 par la nouvelle <strong data-start=\"630\" data-end=\"642\">puce A19<\/strong>, l\u2019iPhone 17 garantit des performances exceptionnelles au quotidien.<br data-start=\"711\" data-end=\"714\" \/>Navigation ultra-fluide, lancement instantan\u00e9 des applications et meilleure autonomie gr\u00e2ce \u00e0 une gestion \u00e9nerg\u00e9tique optimis\u00e9e.<br data-start=\"842\" data-end=\"845\" \/>Tout est pens\u00e9 pour accompagner votre rythme sans compromis.<\/p><h5 data-start=\"914\" data-end=\"977\"><strong data-start=\"917\" data-end=\"975\">Cam\u00e9ra Center Stage \u2013 Vos moments sous un nouveau jour<\/strong><\/h5><p data-start=\"979\" data-end=\"1301\">L\u2019iPhone 17 inaugure une <strong data-start=\"1004\" data-end=\"1042\">nouvelle cam\u00e9ra avant Center Stage<\/strong>, qui vous garde toujours au centre de l\u2019image lors des appels vid\u00e9o.<br data-start=\"1111\" data-end=\"1114\" \/>\u00c0 l\u2019arri\u00e8re, son syst\u00e8me photo revisit\u00e9 capture des couleurs \u00e9clatantes et des d\u00e9tails pr\u00e9cis, m\u00eame en faible luminosit\u00e9.<br data-start=\"1235\" data-end=\"1238\" \/>Des souvenirs plus nets, plus vivants, plus vrais que nature.<\/p><h5 data-start=\"1308\" data-end=\"1348\"><strong data-start=\"1311\" data-end=\"1346\">Autonomie d\u2019une journ\u00e9e enti\u00e8re<\/strong><\/h5><p data-start=\"1350\" data-end=\"1564\">Gr\u00e2ce \u00e0 son efficacit\u00e9 \u00e9nerg\u00e9tique et \u00e0 sa batterie optimis\u00e9e, l\u2019iPhone 17 offre <strong data-start=\"1431\" data-end=\"1475\">jusqu\u2019\u00e0 une journ\u00e9e compl\u00e8te d\u2019autonomie<\/strong>.<br data-start=\"1476\" data-end=\"1479\" \/>Restez connect\u00e9, cr\u00e9ez, regardez, partagez \u2014 sans vous soucier du niveau de charge.<\/p><h5 data-start=\"1350\" data-end=\"1564\"><strong data-start=\"1574\" data-end=\"1626\">\u00c9cran Super Retina XDR \u2013 Un plaisir visuel total<\/strong><\/h5><p data-start=\"1630\" data-end=\"1847\">Profitez d\u2019un affichage \u00e9clatant sur l\u2019\u00e9cran <strong data-start=\"1675\" data-end=\"1695\">Super Retina XDR<\/strong>.<br data-start=\"1696\" data-end=\"1699\" \/>Des couleurs fid\u00e8les, une luminosit\u00e9 exceptionnelle et un contraste parfait pour une immersion totale dans chaque image, chaque vid\u00e9o, chaque jeu.<\/p>\t\t\t\t\t<\/div>\n\t\t\t\t\t\t<\/div>\n\t\t\t\t<\/div>\n\t\t\t\t\t\t<\/div>\n\t\t\t\t\t<\/div>\n\t\t<\/div>\n\t\t\t\t\t\t\t\t<\/div>\n\t\t\t\t\t<\/div>\n\t\t<\/section>\n\t\t\t\t\t\t\t\t\t<\/div>\n\t\t\t<\/div>\n\t\t\t\t\t<\/div>\n\t\t","protected":false},"excerpt":{"rendered":"<p class=\"ps-headline-elevated typography-ps-headline-elevated\"><strong><span class=\"gradient-wrapper gradient-show\" data-gradient-headline=\"\">Encore plus irr\u00e9sistible.<br \/>\nEt\u00a0r\u00e9sistant.<\/span><\/strong><\/p>\n<p class=\"hero-copy ps-header-copy typography-ps-body xlarge-8 large-7 medium-12\">Voici le nouvel iPhone\u00a017. Avec une ligne \u00e9pur\u00e9e, une bordure plus \u00e9troite et des mat\u00e9riaux r\u00e9sistants comme le\u00a0Ceramic\u00a0Shield\u00a02 \u00e0 l\u2019avant,\u00a0<strong>son \u00e9l\u00e9gance n\u2019a rien d\u2019\u00e9ph\u00e9m\u00e8re.<\/strong>\u00a0Son\u00a0\u00e9cran Super\u00a0Retina\u00a0XDR de 6,3\u00a0pouces \u00e9largit le champ des\u00a0possibles. Et gr\u00e2ce \u00e0 la technologie ProMotion avec taux de rafra\u00eechissement adaptatif jusqu\u2019\u00e0 120 Hz,\u00a0<strong>le scrolling gagne en fluidit\u00e9 et les jeux sont encore plus immersifs.<\/strong>\u00a0D\u00e9couvrez-le sous tous les angles.<\/p>\n","protected":false},"featured_media":9246,"comment_status":"open","ping_status":"closed","template":"","meta":[],"product_cat":[444,634],"product_tag":[639,507,197,638],"class_list":{"0":"post-9224","1":"product","2":"type-product","3":"status-publish","4":"has-post-thumbnail","6":"product_cat-iphone","7":"product_cat-iphone-17","8":"product_tag-639","9":"product_tag-apple","10":"product_tag-iphone","11":"product_tag-iphone-17","13":"first","14":"instock","15":"shipping-taxable","16":"purchasable","17":"product-type-variable","18":"has-default-attributes"},"_links":{"self":[{"href":"https:\/\/ispot.ma\/index.php?rest_route=\/wp\/v2\/product\/9224","targetHints":{"allow":["GET"]}}],"collection":[{"href":"https:\/\/ispot.ma\/index.php?rest_route=\/wp\/v2\/product"}],"about":[{"href":"https:\/\/ispot.ma\/index.php?rest_route=\/wp\/v2\/types\/product"}],"replies":[{"embeddable":true,"href":"https:\/\/ispot.ma\/index.php?rest_route=%2Fwp%2Fv2%2Fcomments&post=9224"}],"version-history":[{"count":8,"href":"https:\/\/ispot.ma\/index.php?rest_route=\/wp\/v2\/product\/9224\/revisions"}],"predecessor-version":[{"id":9427,"href":"https:\/\/ispot.ma\/index.php?rest_route=\/wp\/v2\/product\/9224\/revisions\/9427"}],"wp:featuredmedia":[{"embeddable":true,"href":"https:\/\/ispot.ma\/index.php?rest_route=\/wp\/v2\/media\/9246"}],"wp:attachment":[{"href":"https:\/\/ispot.ma\/index.php?rest_route=%2Fwp%2Fv2%2Fmedia&parent=9224"}],"wp:term":[{"taxonomy":"product_cat","embeddable":true,"href":"https:\/\/ispot.ma\/index.php?rest_route=%2Fwp%2Fv2%2Fproduct_cat&post=9224"},{"taxonomy":"product_tag","embeddable":true,"href":"https:\/\/ispot.ma\/index.php?rest_route=%2Fwp%2Fv2%2Fproduct_tag&post=9224"}],"curies":[{"name":"wp","href":"https:\/\/api.w.org\/{rel}","templated":true}]}}