{"id":9254,"date":"2025-10-17T10:01:39","date_gmt":"2025-10-17T10:01:39","guid":{"rendered":"https:\/\/ispot.ma\/?post_type=product&#038;p=9254"},"modified":"2026-01-22T08:13:14","modified_gmt":"2026-01-22T08:13:14","slug":"iphone-17-pro","status":"publish","type":"product","link":"https:\/\/ispot.ma\/?product=iphone-17-pro","title":{"rendered":"iPhone 17 Pro"},"content":{"rendered":"\t\t<div data-elementor-type=\"wp-post\" data-elementor-id=\"9254\" class=\"elementor elementor-9254\">\n\t\t\t\t\t\t<div class=\"elementor-inner\">\n\t\t\t\t<div class=\"elementor-section-wrap\">\n\t\t\t\t\t\t\t\t\t<section class=\"elementor-section elementor-top-section elementor-element elementor-element-2bbf5b9f elementor-section-boxed elementor-section-height-default elementor-section-height-default none\" data-id=\"2bbf5b9f\" data-element_type=\"section\">\n\t\t\t\t\t\t<div class=\"elementor-container elementor-column-gap-default\">\n\t\t\t\t\t\t\t<div class=\"elementor-row\">\n\t\t\t\t\t<div class=\"elementor-column elementor-col-100 elementor-top-column elementor-element elementor-element-be902dc none\" data-id=\"be902dc\" data-element_type=\"column\">\n\t\t\t<div class=\"elementor-column-wrap elementor-element-populated\">\n\t\t\t\t\t\t\t<div class=\"elementor-widget-wrap\">\n\t\t\t\t\t\t<div class=\"elementor-element elementor-element-2fbb538d none elementor-widget elementor-widget-text-editor\" data-id=\"2fbb538d\" data-element_type=\"widget\" data-widget_type=\"text-editor.default\">\n\t\t\t\t<div class=\"elementor-widget-container\">\n\t\t\t\t\t\t\t\t<div class=\"elementor-text-editor elementor-clearfix\">\n\t\t\t\t<h3 data-start=\"652\" data-end=\"703\"><strong data-start=\"658\" data-end=\"701\">Puce A19 Pro \u2013 Une puissance sans \u00e9gale<\/strong><\/h3><p data-start=\"704\" data-end=\"984\">\u00c9quip\u00e9 de la toute nouvelle <strong data-start=\"732\" data-end=\"748\">puce A19 Pro<\/strong>, l\u2019iPhone 17 Pro red\u00e9finit les standards de performance.<br data-start=\"805\" data-end=\"808\" \/>Traitement ultra-rapide, graphismes \u00e9poustouflants et efficacit\u00e9 \u00e9nerg\u00e9tique am\u00e9lior\u00e9e : tout a \u00e9t\u00e9 pens\u00e9 pour offrir une exp\u00e9rience fluide, quelles que soient vos exigences.<\/p><h3 data-start=\"991\" data-end=\"1034\"><strong data-start=\"998\" data-end=\"1032\">Un syst\u00e8me photo professionnel<\/strong><\/h3><p data-start=\"1035\" data-end=\"1094\">D\u00e9couvrez la nouvelle g\u00e9n\u00e9ration de photographie mobile :<\/p><ul data-start=\"1095\" data-end=\"1343\"><li data-start=\"1095\" data-end=\"1168\"><p data-start=\"1097\" data-end=\"1168\">Capteur principal <strong data-start=\"1115\" data-end=\"1124\">48 MP<\/strong> pour des d\u00e9tails d\u2019une pr\u00e9cision extr\u00eame.<\/p><\/li><li data-start=\"1169\" data-end=\"1239\"><p data-start=\"1171\" data-end=\"1239\">Mode <strong data-start=\"1176\" data-end=\"1187\">Pro RAW<\/strong> et <strong data-start=\"1191\" data-end=\"1203\">vid\u00e9o 8K<\/strong> pour une cr\u00e9ativit\u00e9 sans limites.<\/p><\/li><li data-start=\"1240\" data-end=\"1343\"><p data-start=\"1242\" data-end=\"1343\">Zoom optique perfectionn\u00e9 et mode nuit am\u00e9lior\u00e9 pour capturer chaque nuance, m\u00eame dans l\u2019obscurit\u00e9.<\/p><\/li><\/ul><p data-start=\"1345\" data-end=\"1385\">Chaque clich\u00e9 devient une \u0153uvre d\u2019art.<\/p><h3 data-start=\"1392\" data-end=\"1459\"><strong data-start=\"1399\" data-end=\"1457\">Refroidissement par \u00e9vaporation et autonomie prolong\u00e9e<\/strong><\/h3><p data-start=\"1460\" data-end=\"1734\">Gr\u00e2ce \u00e0 son nouveau <strong data-start=\"1480\" data-end=\"1526\">syst\u00e8me de refroidissement par \u00e9vaporation<\/strong>, l\u2019iPhone 17 Pro maintient des performances stables m\u00eame lors d\u2019un usage intensif.<br data-start=\"1609\" data-end=\"1612\" \/>Sa batterie optimis\u00e9e offre <strong data-start=\"1640\" data-end=\"1684\">jusqu\u2019\u00e0 une journ\u00e9e compl\u00e8te d\u2019autonomie<\/strong>, pour vous accompagner partout, sans compromis.<\/p><h3 data-start=\"1741\" data-end=\"1776\"><strong data-start=\"1748\" data-end=\"1774\">\u00c9cran Super Retina XDR<\/strong><\/h3><p data-start=\"1777\" data-end=\"1964\">Admirez chaque d\u00e9tail sur l\u2019\u00e9cran <strong data-start=\"1811\" data-end=\"1848\">Super Retina XDR ProMotion 120 Hz<\/strong>.<br data-start=\"1849\" data-end=\"1852\" \/>Des couleurs \u00e9clatantes, une luminosit\u00e9 exceptionnelle et un contraste parfait pour un confort visuel in\u00e9gal\u00e9.<\/p>\t\t\t\t\t<\/div>\n\t\t\t\t\t\t<\/div>\n\t\t\t\t<\/div>\n\t\t\t\t\t\t<\/div>\n\t\t\t\t\t<\/div>\n\t\t<\/div>\n\t\t\t\t\t\t\t\t<\/div>\n\t\t\t\t\t<\/div>\n\t\t<\/section>\n\t\t\t\t\t\t\t\t\t<\/div>\n\t\t\t<\/div>\n\t\t\t\t\t<\/div>\n\t\t","protected":false},"excerpt":{"rendered":"<h3 data-start=\"327\" data-end=\"379\"><strong data-start=\"334\" data-end=\"377\">Design raffin\u00e9 et mat\u00e9riaux d\u2019exception<\/strong><\/h3>\n<p data-start=\"380\" data-end=\"645\">L\u2019iPhone 17 Pro repousse les limites du design avec un <strong data-start=\"435\" data-end=\"456\">ch\u00e2ssis en titane<\/strong> alliant l\u00e9g\u00e8ret\u00e9, \u00e9l\u00e9gance et robustesse. Sa finition soign\u00e9e et ses bords affin\u00e9s offrent une prise en main incomparable, tout en conservant la durabilit\u00e9 l\u00e9gendaire des produits Apple.<\/p>\n","protected":false},"featured_media":9271,"comment_status":"open","ping_status":"closed","template":"","meta":[],"product_cat":[444,640],"product_tag":[507,197,638,645,646],"class_list":{"0":"post-9254","1":"product","2":"type-product","3":"status-publish","4":"has-post-thumbnail","6":"product_cat-iphone","7":"product_cat-iphone-17-pro","8":"product_tag-apple","9":"product_tag-iphone","10":"product_tag-iphone-17","11":"product_tag-iphone-17-pro","12":"product_tag-iphone-pro","14":"first","15":"instock","16":"shipping-taxable","17":"purchasable","18":"product-type-variable"},"_links":{"self":[{"href":"https:\/\/ispot.ma\/index.php?rest_route=\/wp\/v2\/product\/9254","targetHints":{"allow":["GET"]}}],"collection":[{"href":"https:\/\/ispot.ma\/index.php?rest_route=\/wp\/v2\/product"}],"about":[{"href":"https:\/\/ispot.ma\/index.php?rest_route=\/wp\/v2\/types\/product"}],"replies":[{"embeddable":true,"href":"https:\/\/ispot.ma\/index.php?rest_route=%2Fwp%2Fv2%2Fcomments&post=9254"}],"version-history":[{"count":6,"href":"https:\/\/ispot.ma\/index.php?rest_route=\/wp\/v2\/product\/9254\/revisions"}],"predecessor-version":[{"id":9426,"href":"https:\/\/ispot.ma\/index.php?rest_route=\/wp\/v2\/product\/9254\/revisions\/9426"}],"wp:featuredmedia":[{"embeddable":true,"href":"https:\/\/ispot.ma\/index.php?rest_route=\/wp\/v2\/media\/9271"}],"wp:attachment":[{"href":"https:\/\/ispot.ma\/index.php?rest_route=%2Fwp%2Fv2%2Fmedia&parent=9254"}],"wp:term":[{"taxonomy":"product_cat","embeddable":true,"href":"https:\/\/ispot.ma\/index.php?rest_route=%2Fwp%2Fv2%2Fproduct_cat&post=9254"},{"taxonomy":"product_tag","embeddable":true,"href":"https:\/\/ispot.ma\/index.php?rest_route=%2Fwp%2Fv2%2Fproduct_tag&post=9254"}],"curies":[{"name":"wp","href":"https:\/\/api.w.org\/{rel}","templated":true}]}}