{"id":9280,"date":"2025-10-17T10:36:20","date_gmt":"2025-10-17T10:36:20","guid":{"rendered":"https:\/\/ispot.ma\/?post_type=product&#038;p=9280"},"modified":"2026-01-22T08:11:11","modified_gmt":"2026-01-22T08:11:11","slug":"iphone-17-pro-max","status":"publish","type":"product","link":"https:\/\/ispot.ma\/?product=iphone-17-pro-max","title":{"rendered":"iPhone 17 Pro Max"},"content":{"rendered":"\t\t<div data-elementor-type=\"wp-post\" data-elementor-id=\"9280\" class=\"elementor elementor-9280\">\n\t\t\t\t\t\t<div class=\"elementor-inner\">\n\t\t\t\t<div class=\"elementor-section-wrap\">\n\t\t\t\t\t\t\t\t\t<section class=\"elementor-section elementor-top-section elementor-element elementor-element-2bbf5b9f elementor-section-boxed elementor-section-height-default elementor-section-height-default none\" data-id=\"2bbf5b9f\" data-element_type=\"section\">\n\t\t\t\t\t\t<div class=\"elementor-container elementor-column-gap-default\">\n\t\t\t\t\t\t\t<div class=\"elementor-row\">\n\t\t\t\t\t<div class=\"elementor-column elementor-col-100 elementor-top-column elementor-element elementor-element-be902dc none\" data-id=\"be902dc\" data-element_type=\"column\">\n\t\t\t<div class=\"elementor-column-wrap elementor-element-populated\">\n\t\t\t\t\t\t\t<div class=\"elementor-widget-wrap\">\n\t\t\t\t\t\t<div class=\"elementor-element elementor-element-2fbb538d none elementor-widget elementor-widget-text-editor\" data-id=\"2fbb538d\" data-element_type=\"widget\" data-widget_type=\"text-editor.default\">\n\t\t\t\t<div class=\"elementor-widget-container\">\n\t\t\t\t\t\t\t\t<div class=\"elementor-text-editor elementor-clearfix\">\n\t\t\t\t<h5 data-start=\"518\" data-end=\"571\"><strong data-start=\"524\" data-end=\"569\">Puce A19 Pro \u2013 Des performances in\u00e9gal\u00e9es<\/strong><\/h5><p data-start=\"572\" data-end=\"760\">Dot\u00e9 de la <strong data-start=\"583\" data-end=\"599\">puce A19 Pro<\/strong>, l\u2019iPhone 17 Pro Max repousse les limites de la rapidit\u00e9 et de l\u2019efficacit\u00e9.<br data-start=\"676\" data-end=\"679\" \/>Jeux, vid\u00e9o, multit\u00e2che : tout est plus fluide, plus r\u00e9actif, plus intelligent.<\/p><h5 data-start=\"767\" data-end=\"815\"><strong data-start=\"774\" data-end=\"813\">Syst\u00e8me photo r\u00e9volutionnaire 48 MP<\/strong><\/h5><p data-start=\"816\" data-end=\"851\">Repensez la photographie mobile :<\/p><ul data-start=\"852\" data-end=\"1010\"><li data-start=\"852\" data-end=\"899\"><p data-start=\"854\" data-end=\"899\">Capteur principal <strong data-start=\"872\" data-end=\"881\">48 MP<\/strong> ultra-lumineux.<\/p><\/li><li data-start=\"900\" data-end=\"955\"><p data-start=\"902\" data-end=\"955\">Zoom optique avanc\u00e9 et ultra-grand-angle redessin\u00e9.<\/p><\/li><li data-start=\"956\" data-end=\"1010\"><p data-start=\"958\" data-end=\"1010\">Mode nuit, Pro RAW et enregistrement <strong data-start=\"995\" data-end=\"1007\">vid\u00e9o 8K<\/strong>.<\/p><\/li><\/ul><p data-start=\"1012\" data-end=\"1072\">Chaque d\u00e9tail, chaque couleur, chaque instant est sublim\u00e9.<\/p><h5 data-start=\"1079\" data-end=\"1142\"><strong data-start=\"1086\" data-end=\"1140\">Refroidissement par \u00e9vaporation &amp; autonomie record<\/strong><\/h5><p data-start=\"1143\" data-end=\"1388\">Gr\u00e2ce \u00e0 la technologie de <strong data-start=\"1169\" data-end=\"1204\">refroidissement par \u00e9vaporation<\/strong>, l\u2019iPhone 17 Pro Max conserve toute sa puissance, m\u00eame dans les usages les plus intensifs.<br data-start=\"1295\" data-end=\"1298\" \/>Sa batterie offre <strong data-start=\"1316\" data-end=\"1349\">jusqu\u2019\u00e0 36 heures d\u2019autonomie<\/strong>, pour vous accompagner jour et nuit.<\/p><h5 data-start=\"1395\" data-end=\"1446\"><strong data-start=\"1402\" data-end=\"1444\">\u00c9cran Super Retina XDR ProMotion 6,9\u2019\u2019<\/strong><\/h5><p data-start=\"1447\" data-end=\"1639\">Profitez d\u2019une fluidit\u00e9 incomparable avec la technologie <strong data-start=\"1504\" data-end=\"1524\">ProMotion 120 Hz<\/strong>, d\u2019une luminosit\u00e9 extr\u00eame et d\u2019un contraste exceptionnel.<br data-start=\"1582\" data-end=\"1585\" \/>Id\u00e9al pour la cr\u00e9ation, le jeu et le divertissement.<\/p>\t\t\t\t\t<\/div>\n\t\t\t\t\t\t<\/div>\n\t\t\t\t<\/div>\n\t\t\t\t\t\t<\/div>\n\t\t\t\t\t<\/div>\n\t\t<\/div>\n\t\t\t\t\t\t\t\t<\/div>\n\t\t\t\t\t<\/div>\n\t\t<\/section>\n\t\t\t\t\t\t\t\t\t<\/div>\n\t\t\t<\/div>\n\t\t\t\t\t<\/div>\n\t\t","protected":false},"excerpt":{"rendered":"<h3 data-start=\"238\" data-end=\"282\"><strong data-start=\"245\" data-end=\"280\">Un design d\u2019exception en titane<\/strong><\/h3>\n<p data-start=\"283\" data-end=\"511\">L\u2019iPhone 17 Pro Max allie \u00e9l\u00e9gance et robustesse gr\u00e2ce \u00e0 son <strong data-start=\"344\" data-end=\"365\">ch\u00e2ssis en titane<\/strong>, plus l\u00e9ger et plus r\u00e9sistant que jamais. Ses finitions impeccables et son grand \u00e9cran immersif offrent une exp\u00e9rience visuelle sans compromis.<\/p>\n","protected":false},"featured_media":9271,"comment_status":"open","ping_status":"closed","template":"","meta":[],"product_cat":[444,644],"product_tag":[507,197,638,645,648,646,647],"class_list":{"0":"post-9280","1":"product","2":"type-product","3":"status-publish","4":"has-post-thumbnail","6":"product_cat-iphone","7":"product_cat-iphone-17-pro-max","8":"product_tag-apple","9":"product_tag-iphone","10":"product_tag-iphone-17","11":"product_tag-iphone-17-pro","12":"product_tag-iphone-17-pro-max","13":"product_tag-iphone-pro","14":"product_tag-iphone-pro-max","16":"first","17":"instock","18":"shipping-taxable","19":"purchasable","20":"product-type-variable"},"_links":{"self":[{"href":"https:\/\/ispot.ma\/index.php?rest_route=\/wp\/v2\/product\/9280","targetHints":{"allow":["GET"]}}],"collection":[{"href":"https:\/\/ispot.ma\/index.php?rest_route=\/wp\/v2\/product"}],"about":[{"href":"https:\/\/ispot.ma\/index.php?rest_route=\/wp\/v2\/types\/product"}],"replies":[{"embeddable":true,"href":"https:\/\/ispot.ma\/index.php?rest_route=%2Fwp%2Fv2%2Fcomments&post=9280"}],"version-history":[{"count":6,"href":"https:\/\/ispot.ma\/index.php?rest_route=\/wp\/v2\/product\/9280\/revisions"}],"predecessor-version":[{"id":9425,"href":"https:\/\/ispot.ma\/index.php?rest_route=\/wp\/v2\/product\/9280\/revisions\/9425"}],"wp:featuredmedia":[{"embeddable":true,"href":"https:\/\/ispot.ma\/index.php?rest_route=\/wp\/v2\/media\/9271"}],"wp:attachment":[{"href":"https:\/\/ispot.ma\/index.php?rest_route=%2Fwp%2Fv2%2Fmedia&parent=9280"}],"wp:term":[{"taxonomy":"product_cat","embeddable":true,"href":"https:\/\/ispot.ma\/index.php?rest_route=%2Fwp%2Fv2%2Fproduct_cat&post=9280"},{"taxonomy":"product_tag","embeddable":true,"href":"https:\/\/ispot.ma\/index.php?rest_route=%2Fwp%2Fv2%2Fproduct_tag&post=9280"}],"curies":[{"name":"wp","href":"https:\/\/api.w.org\/{rel}","templated":true}]}}