{"id":9298,"date":"2025-10-17T10:50:54","date_gmt":"2025-10-17T10:50:54","guid":{"rendered":"https:\/\/ispot.ma\/?post_type=product&#038;p=9298"},"modified":"2026-01-22T08:05:01","modified_gmt":"2026-01-22T08:05:01","slug":"iphone-air","status":"publish","type":"product","link":"https:\/\/ispot.ma\/?product=iphone-air","title":{"rendered":"iPhone Air"},"content":{"rendered":"\t\t<div data-elementor-type=\"wp-post\" data-elementor-id=\"9298\" class=\"elementor elementor-9298\">\n\t\t\t\t\t\t<div class=\"elementor-inner\">\n\t\t\t\t<div class=\"elementor-section-wrap\">\n\t\t\t\t\t\t\t\t\t<section class=\"elementor-section elementor-top-section elementor-element elementor-element-a9959aa elementor-section-boxed elementor-section-height-default elementor-section-height-default none\" data-id=\"a9959aa\" data-element_type=\"section\">\n\t\t\t\t\t\t<div class=\"elementor-container elementor-column-gap-default\">\n\t\t\t\t\t\t\t<div class=\"elementor-row\">\n\t\t\t\t\t<div class=\"elementor-column elementor-col-100 elementor-top-column elementor-element elementor-element-20a3767f none\" data-id=\"20a3767f\" data-element_type=\"column\">\n\t\t\t<div class=\"elementor-column-wrap elementor-element-populated\">\n\t\t\t\t\t\t\t<div class=\"elementor-widget-wrap\">\n\t\t\t\t\t\t<div class=\"elementor-element elementor-element-3f3413b6 none elementor-widget elementor-widget-text-editor\" data-id=\"3f3413b6\" data-element_type=\"widget\" data-widget_type=\"text-editor.default\">\n\t\t\t\t<div class=\"elementor-widget-container\">\n\t\t\t\t\t\t\t\t<div class=\"elementor-text-editor elementor-clearfix\">\n\t\t\t\t<h5 data-start=\"502\" data-end=\"553\"><strong data-start=\"508\" data-end=\"551\">Puce A19 \u2013 Rapide. Fluide. Silencieuse.<\/strong><\/h5><p data-start=\"554\" data-end=\"797\">Propuls\u00e9 par la nouvelle <strong data-start=\"579\" data-end=\"591\">puce A19<\/strong>, l\u2019iPhone Air offre une rapidit\u00e9 et une fluidit\u00e9 exceptionnelles, que ce soit pour vos applications, vos jeux ou votre cr\u00e9ativit\u00e9.<br data-start=\"722\" data-end=\"725\" \/>Une performance intelligente, optimis\u00e9e pour l\u2019efficacit\u00e9 \u00e9nerg\u00e9tique.<\/p><h5 data-start=\"804\" data-end=\"851\"><strong data-start=\"811\" data-end=\"849\">Cam\u00e9ra avanc\u00e9e. D\u00e9tails \u00e9clatants.<\/strong><\/h5><p data-start=\"852\" data-end=\"1035\">Capturez chaque instant avec pr\u00e9cision gr\u00e2ce au <strong data-start=\"900\" data-end=\"923\">syst\u00e8me photo 48 MP<\/strong>.<br data-start=\"924\" data-end=\"927\" \/>Des couleurs fid\u00e8les, une luminosit\u00e9 am\u00e9lior\u00e9e et une qualit\u00e9 professionnelle dans un format plus compact.<\/p><h5 data-start=\"1042\" data-end=\"1078\"><strong data-start=\"1049\" data-end=\"1076\">Autonomie et efficacit\u00e9<\/strong><\/h5><p data-start=\"1079\" data-end=\"1301\">L\u2019iPhone Air int\u00e8gre une <strong data-start=\"1104\" data-end=\"1129\">batterie longue dur\u00e9e<\/strong>, optimis\u00e9e pour une journ\u00e9e compl\u00e8te d\u2019utilisation.<br data-start=\"1181\" data-end=\"1184\" \/>Son efficacit\u00e9 \u00e9nerg\u00e9tique et son syst\u00e8me de gestion thermique garantissent une exp\u00e9rience fluide, sans surchauffe.<\/p><h5 data-start=\"1308\" data-end=\"1343\"><strong data-start=\"1315\" data-end=\"1341\">\u00c9cran Super Retina XDR<\/strong><\/h5><p data-start=\"1344\" data-end=\"1524\">Un <strong data-start=\"1347\" data-end=\"1377\">\u00e9cran lumineux et immersif<\/strong>, parfait pour le streaming, la cr\u00e9ation et la navigation.<br data-start=\"1435\" data-end=\"1438\" \/>Des contrastes riches et des couleurs \u00e9clatantes dans un format plus fin que jamais.<\/p>\t\t\t\t\t<\/div>\n\t\t\t\t\t\t<\/div>\n\t\t\t\t<\/div>\n\t\t\t\t\t\t<\/div>\n\t\t\t\t\t<\/div>\n\t\t<\/div>\n\t\t\t\t\t\t\t\t<\/div>\n\t\t\t\t\t<\/div>\n\t\t<\/section>\n\t\t\t\t\t\t\t\t\t<\/div>\n\t\t\t<\/div>\n\t\t\t\t\t<\/div>\n\t\t","protected":false},"excerpt":{"rendered":"<h3 data-start=\"221\" data-end=\"275\"><strong data-start=\"228\" data-end=\"273\">Design minimaliste. Performance maximale.<\/strong><\/h3>\n<p data-start=\"276\" data-end=\"495\">L\u2019<strong data-start=\"278\" data-end=\"292\">iPhone Air<\/strong> red\u00e9finit l\u2019\u00e9quilibre parfait entre \u00e9l\u00e9gance et puissance.<br data-start=\"351\" data-end=\"354\" \/>Avec son <strong data-start=\"363\" data-end=\"392\">design ultra-fin et l\u00e9ger<\/strong>, il tient parfaitement en main tout en conservant la qualit\u00e9 et la robustesse embl\u00e9matiques d\u2019Apple.<\/p>\n","protected":false},"featured_media":9310,"comment_status":"open","ping_status":"closed","template":"","meta":[],"product_cat":[444,649],"product_tag":[639,507,197,638],"class_list":{"0":"post-9298","1":"product","2":"type-product","3":"status-publish","4":"has-post-thumbnail","6":"product_cat-iphone","7":"product_cat-iphone-air","8":"product_tag-639","9":"product_tag-apple","10":"product_tag-iphone","11":"product_tag-iphone-17","13":"first","14":"instock","15":"shipping-taxable","16":"purchasable","17":"product-type-variable"},"_links":{"self":[{"href":"https:\/\/ispot.ma\/index.php?rest_route=\/wp\/v2\/product\/9298","targetHints":{"allow":["GET"]}}],"collection":[{"href":"https:\/\/ispot.ma\/index.php?rest_route=\/wp\/v2\/product"}],"about":[{"href":"https:\/\/ispot.ma\/index.php?rest_route=\/wp\/v2\/types\/product"}],"replies":[{"embeddable":true,"href":"https:\/\/ispot.ma\/index.php?rest_route=%2Fwp%2Fv2%2Fcomments&post=9298"}],"version-history":[{"count":7,"href":"https:\/\/ispot.ma\/index.php?rest_route=\/wp\/v2\/product\/9298\/revisions"}],"predecessor-version":[{"id":9351,"href":"https:\/\/ispot.ma\/index.php?rest_route=\/wp\/v2\/product\/9298\/revisions\/9351"}],"wp:featuredmedia":[{"embeddable":true,"href":"https:\/\/ispot.ma\/index.php?rest_route=\/wp\/v2\/media\/9310"}],"wp:attachment":[{"href":"https:\/\/ispot.ma\/index.php?rest_route=%2Fwp%2Fv2%2Fmedia&parent=9298"}],"wp:term":[{"taxonomy":"product_cat","embeddable":true,"href":"https:\/\/ispot.ma\/index.php?rest_route=%2Fwp%2Fv2%2Fproduct_cat&post=9298"},{"taxonomy":"product_tag","embeddable":true,"href":"https:\/\/ispot.ma\/index.php?rest_route=%2Fwp%2Fv2%2Fproduct_tag&post=9298"}],"curies":[{"name":"wp","href":"https:\/\/api.w.org\/{rel}","templated":true}]}}