{"id":9469,"date":"2026-04-18T21:59:23","date_gmt":"2026-04-18T21:59:23","guid":{"rendered":"https:\/\/ispot.ma\/?post_type=product&#038;p=9469"},"modified":"2026-04-21T15:00:23","modified_gmt":"2026-04-21T15:00:23","slug":"macbook-neo","status":"publish","type":"product","link":"https:\/\/ispot.ma\/?product=macbook-neo","title":{"rendered":"MacBook Neo"},"content":{"rendered":"<div class=\"col-xl-10 col-lg-10 col-md-10 col-sm-10 col-12 centr right textblock\">\n<h2><strong>Une puissance nouvelle g\u00e9n\u00e9ration.<\/strong><\/h2>\n<p>Le MacBook Neo embarque la puce Apple Neo, dot\u00e9e d\u2019un CPU 10 c\u0153urs et d\u2019un GPU jusqu\u2019\u00e0 12 c\u0153urs, pens\u00e9e pour offrir des performances rapides et constantes, m\u00eame sur les t\u00e2ches les plus exigeantes. Associ\u00e9e \u00e0 une m\u00e9moire unifi\u00e9e allant jusqu\u2019\u00e0 32 Go et un stockage SSD jusqu\u2019\u00e0 2 To, elle garantit une fluidit\u00e9 remarquable au quotidien.<\/p>\n<h2><strong>Rapide, fluide, endurant.<\/strong><\/h2>\n<p>Gr\u00e2ce \u00e0 son architecture optimis\u00e9e, le MacBook Neo offre jusqu\u2019\u00e0 18 heures d\u2019autonomie. Multit\u00e2che, cr\u00e9ation de contenu ou usage professionnel intensif : tout est plus rapide, sans compromis sur la consommation d\u2019\u00e9nergie.<\/p>\n<h2><strong>Un \u00e9cran pr\u00e9cis et immersif.<\/strong><\/h2>\n<p>Son \u00e9cran Liquid Retina de 13,6 pouces (2560 x 1664) affiche des couleurs riches et fid\u00e8les avec une luminosit\u00e9 de 500 nits et la technologie True Tone. Id\u00e9al pour travailler dans le d\u00e9tail ou profiter de contenus visuels de haute qualit\u00e9.<\/p>\n<h2><strong>Compact et \u00e9l\u00e9gant.<\/strong><\/h2>\n<p>Avec seulement 1,13 cm d\u2019\u00e9paisseur et 1,24 kg, le MacBook Neo allie finesse et robustesse dans un ch\u00e2ssis en aluminium recycl\u00e9. Disponible en plusieurs finitions \u00e9l\u00e9gantes, il s\u2019adapte \u00e0 tous les styles.<\/p>\n<h2><strong>Connectivit\u00e9 essentielle.<\/strong><\/h2>\n<p>\u00c9quip\u00e9 de ports Thunderbolt \/ USB 4, du syst\u00e8me de recharge MagSafe 3, du Wi-Fi 6 et du Bluetooth 5.3, il assure des connexions rapides et fiables au quotidien.<\/p>\n<h2><strong>Pens\u00e9 pour le confort.<\/strong><\/h2>\n<p>Cam\u00e9ra FaceTime HD 1080p, syst\u00e8me audio immersif compatible Dolby Atmos, clavier Magic Keyboard r\u00e9tro\u00e9clair\u00e9 et Touch ID int\u00e9gr\u00e9 : chaque d\u00e9tail est con\u00e7u pour une exp\u00e9rience fluide, s\u00e9curis\u00e9e et agr\u00e9able.<\/p>\n<\/div>\n","protected":false},"excerpt":{"rendered":"<div class=\"text-base my-auto mx-auto [--thread-content-margin:var(--thread-content-margin-xs,calc(var(--spacing)*4))] @w-sm\/main:[--thread-content-margin:var(--thread-content-margin-sm,calc(var(--spacing)*6))] @w-lg\/main:[--thread-content-margin:var(--thread-content-margin-lg,calc(var(--spacing)*16))] px-(--thread-content-margin)\">\n<div class=\"[--thread-content-max-width:40rem] @w-lg\/main:[--thread-content-max-width:48rem] mx-auto max-w-(--thread-content-max-width) flex-1 group\/turn-messages focus-visible:outline-hidden relative flex w-full min-w-0 flex-col agent-turn\">\n<div class=\"flex max-w-full flex-col gap-4 grow\">\n<div class=\"min-h-8 text-message relative flex w-full flex-col items-end gap-2 text-start break-words whitespace-normal outline-none keyboard-focused:focus-ring [.text-message+&amp;]:mt-1\" dir=\"auto\" data-message-author-role=\"assistant\" data-message-id=\"ba0c07db-85dd-49a4-be9b-33685bcf0b06\" data-message-model-slug=\"gpt-5-3\">\n<div class=\"flex w-full flex-col gap-1 empty:hidden\">\n<div class=\"markdown prose dark:prose-invert w-full wrap-break-word dark markdown-new-styling\">\n<p data-start=\"19\" data-end=\"366\" data-is-last-node=\"\" data-is-only-node=\"\">Le MacBook Neo allie performance et portabilit\u00e9 avec sa puce Apple Neo (CPU 10 c\u0153urs), son \u00e9cran Liquid Retina 13,6 pouces (2560 x 1664) et son autonomie jusqu\u2019\u00e0 18 heures. Fin (1,13 cm), l\u00e9ger (1,24 kg) et \u00e9quip\u00e9 de ports Thunderbolt, MagSafe et Wi-Fi 6, il offre une exp\u00e9rience rapide, fluide et adapt\u00e9e \u00e0 un usage professionnel comme quotidien.<\/p>\n<\/div>\n<\/div>\n<\/div>\n<\/div>\n<\/div>\n<\/div>\n","protected":false},"featured_media":9471,"comment_status":"open","ping_status":"closed","template":"","meta":[],"product_cat":[449,663],"product_tag":[507,629,664,665],"class_list":{"0":"post-9469","1":"product","2":"type-product","3":"status-publish","4":"has-post-thumbnail","6":"product_cat-mac","7":"product_cat-macbook-neo","8":"product_tag-apple","9":"product_tag-macbook","10":"product_tag-macbook-neo","11":"product_tag-neo","13":"first","14":"instock","15":"shipping-taxable","16":"purchasable","17":"product-type-variable","18":"has-default-attributes"},"_links":{"self":[{"href":"https:\/\/ispot.ma\/index.php?rest_route=\/wp\/v2\/product\/9469","targetHints":{"allow":["GET"]}}],"collection":[{"href":"https:\/\/ispot.ma\/index.php?rest_route=\/wp\/v2\/product"}],"about":[{"href":"https:\/\/ispot.ma\/index.php?rest_route=\/wp\/v2\/types\/product"}],"replies":[{"embeddable":true,"href":"https:\/\/ispot.ma\/index.php?rest_route=%2Fwp%2Fv2%2Fcomments&post=9469"}],"version-history":[{"count":1,"href":"https:\/\/ispot.ma\/index.php?rest_route=\/wp\/v2\/product\/9469\/revisions"}],"predecessor-version":[{"id":9494,"href":"https:\/\/ispot.ma\/index.php?rest_route=\/wp\/v2\/product\/9469\/revisions\/9494"}],"wp:featuredmedia":[{"embeddable":true,"href":"https:\/\/ispot.ma\/index.php?rest_route=\/wp\/v2\/media\/9471"}],"wp:attachment":[{"href":"https:\/\/ispot.ma\/index.php?rest_route=%2Fwp%2Fv2%2Fmedia&parent=9469"}],"wp:term":[{"taxonomy":"product_cat","embeddable":true,"href":"https:\/\/ispot.ma\/index.php?rest_route=%2Fwp%2Fv2%2Fproduct_cat&post=9469"},{"taxonomy":"product_tag","embeddable":true,"href":"https:\/\/ispot.ma\/index.php?rest_route=%2Fwp%2Fv2%2Fproduct_tag&post=9469"}],"curies":[{"name":"wp","href":"https:\/\/api.w.org\/{rel}","templated":true}]}}